{"id":8073,"date":"2022-08-22T16:17:48","date_gmt":"2022-08-22T14:17:48","guid":{"rendered":"https:\/\/juvigo.es\/revista\/?page_id=8073"},"modified":"2025-09-19T17:50:16","modified_gmt":"2025-09-19T15:50:16","slug":"conviertete-en-socio","status":"publish","type":"page","link":"https:\/\/juvigo.es\/revista\/conviertete-en-socio\/","title":{"rendered":"\u00bfQuieres unirte a nuestra red de socios?"},"content":{"rendered":"\n<p>En Juvigo pasamos todos los campamentos por unos rigurosos filtros para asegurarnos de que todos nuestros organizadores cumplen con unos est\u00e1ndares de calidad. Buscamos que nuestros participantes disfruten de la mejor experiencia durante sus vacaciones. Para ello aseg\u00farate de que tus campamentos cumplen con las siguientes condiciones: <\/p>\n\n\n\n<p><\/p>\n\n\n\n<h1 class=\"wp-block-heading has-trawell-acc-color has-text-color has-large-font-size\">Vigilancia 24h<\/h1>\n\n\n\n<p>Para nosotros es esencial que todos los campamentos cuenten con responsables disponibles todo el d\u00eda, tanto para los campamentos infantiles como para los m\u00e1s juveniles. Nunca sabemos cu\u00e1ndo va a suceder una emergencia o que uno de nuestros participantes vaya a necesitar asistencia, y es por ese motivo que queremos asegurarnos de que habr\u00e1 personal pendiente de los j\u00f3venes en todo momento. <\/p>\n\n\n\n<p><\/p>\n\n\n\n<h1 class=\"wp-block-heading has-trawell-acc-color has-text-color has-large-font-size\">Pernocta<\/h1>\n\n\n\n<p>Una de las experiencias m\u00e1s emocionantes de los campamentos es pasar la noche fuera de casa. Creemos que es muy beneficioso que los ni\u00f1os poco a poco puedan gestionar sus miedos y asumir responsabilidades sin la presencia de sus padres. Siempre tendr\u00e1n la ayuda de los monitores en cualquier caso, pero dormir fuera de casa es un signo de madurez y autonom\u00eda que afecta de forma positiva al crecimiento personal de los peque\u00f1os. Y tampoco queremos que se pierdan la mejor parte de los campamentos: \u00a1las veladas nocturnas!<\/p>\n\n\n\n<p><\/p>\n\n\n\n<h1 class=\"wp-block-heading has-trawell-acc-color has-text-color has-large-font-size\">Pensi\u00f3n completa<\/h1>\n\n\n\n<p>Tanta actividad produce hambre y no queremos que nuestros participantes se tengan que preocupar por la comida. Esperamos que el campamento pueda proporcionarles un men\u00fa nutritivo variado con desayuno, comida, merienda y cena para reponer las fuerzas de los m\u00e1s peque\u00f1os. <\/p>\n\n\n\n<p><\/p>\n\n\n\n<p>Recomendamos contar con opciones para al\u00e9rgicos y cel\u00edacos (\u00a1atenci\u00f3n a la contaminaci\u00f3n cruzada!), aunque contar con  opciones para distintos tipos de alimentaci\u00f3n como vegetarianos y veganos siempre es de agradecer para el bienestar y comodidad de todos los participantes.<\/p>\n\n\n\n<p><\/p>\n\n\n\n<h1 class=\"wp-block-heading has-trawell-acc-color has-text-color has-large-font-size\">Burocracia en regla<\/h1>\n\n\n\n<p>Para ejercer las labores de organizaci\u00f3n de campamentos con menores, es imprescindible contar con ciertos permisos legales que posibiliten todas las pr\u00e1cticas y actividades que se desarrollen durante los per\u00edodos. De esta misma forma, contar con las condiciones e instalaciones adecuadas al aforo planteado, es un requisito indispensable para poder colaborar con Juvigo.<\/p>\n\n\n\n<p><\/p>\n\n\n\n<h1 class=\"wp-block-heading has-trawell-acc-color has-text-color has-large-font-size\">Opci\u00f3n adicional recomendada: traslados<\/h1>\n\n\n\n<p>Juvigo es una plataforma internacional, por lo que si quieres que a tu campamento asistan participantes de todo el mundo, tendr\u00e1s que facilitarles la llegada a tu campamento. Cada a\u00f1o, son m\u00e1s y m\u00e1s los participantes tanto locales como internacionales que, a la hora de reservar un campamento, ponen como preferencia que cuente con servicio de traslado. Son muchas las razones: el vivir lejos, que los padres trabajen y no puedan acercarles, no tener tiempo, no conocer la zona, o simplemente querer conocer a sus compa\u00f1eros de aventura de camino. <\/p>\n\n\n\n<p><\/p>\n\n\n\n<p>Es claramente un factor diferencial entre los diferentes campamentos que ofrecemos en nuestra plataforma. Por este motivo, siempre recomendamos a\u00f1adir ruta desde los destinos m\u00e1s solicitados y a\u00f1adiremos este servicio adicional a tu campamento para que lo soliciten las familias que lo necesiten. En caso de dudas, aseg\u00farate de consultarnos cu\u00e1les ser\u00edan los traslados m\u00e1s populares en el caso de tu campamento.<\/p>\n\n\n\n<p><\/p>\n\n\n\n<h1 class=\"wp-block-heading has-huge-font-size\">\u00bfTodo listo?<\/h1>\n\n\n\n<p>Si crees que tu campamento se ajusta a nuestros requisitos, no dudes en ponerte en contacto con Guillermo mand\u00e1ndole un correo a <a href=\"mailto:guillermo@juvigo.es\">guillermo@juvigo.es<\/a>, el te ayudar\u00e1 en lo que necesites para formar parte de nuestra <a href=\"https:\/\/juvigo.es\/revista\/socios-juvigo\/\">red de socios<\/a>.<\/p>\n","protected":false},"excerpt":{"rendered":"<p>En Juvigo pasamos todos los campamentos por unos rigurosos filtros para asegurarnos de que todos nuestros organizadores cumplen con unos est\u00e1ndares de calidad. Buscamos que nuestros participantes disfruten de la mejor experiencia durante sus vacaciones. Para ello aseg\u00farate de que tus campamentos cumplen con las siguientes condiciones: Vigilancia 24h Para nosotros es esencial que todos [&hellip;]<\/p>\n","protected":false},"author":26,"featured_media":0,"parent":0,"menu_order":0,"comment_status":"closed","ping_status":"closed","template":"","meta":{"advgb_blocks_editor_width":"","advgb_blocks_columns_visual_guide":"","footnotes":"","_links_to":"","_links_to_target":""},"categories":[],"tags":[],"class_list":["post-8073","page","type-page","status-publish","hentry"],"yoast_head":"<!-- This site is optimized with the Yoast SEO plugin v25.8 - https:\/\/yoast.com\/wordpress\/plugins\/seo\/ -->\n<title>\u00bfQuieres unirte a nuestra red de socios? - Revista Juvigo<\/title>\n<meta name=\"description\" content=\"\u00bfTienes un campamento y quieres popularizarlo? O mejor, \u00bfinternacionalizarlo? En Juvigo te ayudamos a formar parte de nuestra red de socios.\" \/>\n<meta name=\"robots\" content=\"index, follow, max-snippet:-1, max-image-preview:large, max-video-preview:-1\" \/>\n<link rel=\"canonical\" href=\"https:\/\/juvigo.es\/revista\/conviertete-en-socio\/\" \/>\n<meta property=\"og:locale\" content=\"es_ES\" \/>\n<meta property=\"og:type\" content=\"article\" \/>\n<meta property=\"og:title\" content=\"\u00bfQuieres unirte a nuestra red de socios? - Revista Juvigo\" \/>\n<meta property=\"og:description\" content=\"\u00bfTienes un campamento y quieres popularizarlo? O mejor, \u00bfinternacionalizarlo? En Juvigo te ayudamos a formar parte de nuestra red de socios.\" \/>\n<meta property=\"og:url\" content=\"https:\/\/juvigo.es\/revista\/conviertete-en-socio\/\" \/>\n<meta property=\"og:site_name\" content=\"Revista Juvigo\" \/>\n<meta property=\"article:publisher\" content=\"https:\/\/de-de.facebook.com\/meinjuvigo\" \/>\n<meta property=\"article:modified_time\" content=\"2025-09-19T15:50:16+00:00\" \/>\n<meta property=\"og:image\" content=\"https:\/\/juvigo.es\/revista\/wp-content\/uploads\/2019\/02\/banner-small-1.jpg\" \/>\n\t<meta property=\"og:image:width\" content=\"1440\" \/>\n\t<meta property=\"og:image:height\" content=\"590\" \/>\n\t<meta property=\"og:image:type\" content=\"image\/jpeg\" \/>\n<meta name=\"twitter:card\" content=\"summary_large_image\" \/>\n<meta name=\"twitter:site\" content=\"@meinjuvigo\" \/>\n<meta name=\"twitter:label1\" content=\"Tiempo de lectura\" \/>\n\t<meta name=\"twitter:data1\" content=\"3 minutos\" \/>\n<script type=\"application\/ld+json\" class=\"yoast-schema-graph\">{\"@context\":\"https:\/\/schema.org\",\"@graph\":[{\"@type\":\"WebPage\",\"@id\":\"https:\/\/juvigo.es\/revista\/conviertete-en-socio\/\",\"url\":\"https:\/\/juvigo.es\/revista\/conviertete-en-socio\/\",\"name\":\"\u00bfQuieres unirte a nuestra red de socios? - Revista Juvigo\",\"isPartOf\":{\"@id\":\"https:\/\/juvigo.es\/revista\/#website\"},\"datePublished\":\"2022-08-22T14:17:48+00:00\",\"dateModified\":\"2025-09-19T15:50:16+00:00\",\"description\":\"\u00bfTienes un campamento y quieres popularizarlo? O mejor, \u00bfinternacionalizarlo? En Juvigo te ayudamos a formar parte de nuestra red de socios.\",\"breadcrumb\":{\"@id\":\"https:\/\/juvigo.es\/revista\/conviertete-en-socio\/#breadcrumb\"},\"inLanguage\":\"es\",\"potentialAction\":[{\"@type\":\"ReadAction\",\"target\":[\"https:\/\/juvigo.es\/revista\/conviertete-en-socio\/\"]}]},{\"@type\":\"BreadcrumbList\",\"@id\":\"https:\/\/juvigo.es\/revista\/conviertete-en-socio\/#breadcrumb\",\"itemListElement\":[{\"@type\":\"ListItem\",\"position\":1,\"name\":\"Revista Juvigo\",\"item\":\"https:\/\/juvigo.es\/revista\/\"},{\"@type\":\"ListItem\",\"position\":2,\"name\":\"\u00bfQuieres unirte a nuestra red de socios?\"}]},{\"@type\":\"WebSite\",\"@id\":\"https:\/\/juvigo.es\/revista\/#website\",\"url\":\"https:\/\/juvigo.es\/revista\/\",\"name\":\"Revista Juvigo\",\"description\":\"Tu revista digital de campamentos de verano y viajes de idiomas para ni\u00f1os y j\u00f3venes\",\"publisher\":{\"@id\":\"https:\/\/juvigo.es\/revista\/#organization\"},\"potentialAction\":[{\"@type\":\"SearchAction\",\"target\":{\"@type\":\"EntryPoint\",\"urlTemplate\":\"https:\/\/juvigo.es\/revista\/?s={search_term_string}\"},\"query-input\":{\"@type\":\"PropertyValueSpecification\",\"valueRequired\":true,\"valueName\":\"search_term_string\"}}],\"inLanguage\":\"es\"},{\"@type\":\"Organization\",\"@id\":\"https:\/\/juvigo.es\/revista\/#organization\",\"name\":\"Juvigo GmbH\",\"url\":\"https:\/\/juvigo.es\/revista\/\",\"logo\":{\"@type\":\"ImageObject\",\"inLanguage\":\"es\",\"@id\":\"https:\/\/juvigo.es\/revista\/#\/schema\/logo\/image\/\",\"url\":\"https:\/\/juvigo.es\/revista\/wp-content\/uploads\/2022\/02\/magazine_logo_scaled.png\",\"contentUrl\":\"https:\/\/juvigo.es\/revista\/wp-content\/uploads\/2022\/02\/magazine_logo_scaled.png\",\"width\":240,\"height\":100,\"caption\":\"Juvigo GmbH\"},\"image\":{\"@id\":\"https:\/\/juvigo.es\/revista\/#\/schema\/logo\/image\/\"},\"sameAs\":[\"https:\/\/de-de.facebook.com\/meinjuvigo\",\"https:\/\/x.com\/meinjuvigo\",\"http:\/\/instagram.com\/juvigo_de\/\"]}]}<\/script>\n<!-- \/ Yoast SEO plugin. -->","yoast_head_json":{"title":"\u00bfQuieres unirte a nuestra red de socios? - Revista Juvigo","description":"\u00bfTienes un campamento y quieres popularizarlo? O mejor, \u00bfinternacionalizarlo? En Juvigo te ayudamos a formar parte de nuestra red de socios.","robots":{"index":"index","follow":"follow","max-snippet":"max-snippet:-1","max-image-preview":"max-image-preview:large","max-video-preview":"max-video-preview:-1"},"canonical":"https:\/\/juvigo.es\/revista\/conviertete-en-socio\/","og_locale":"es_ES","og_type":"article","og_title":"\u00bfQuieres unirte a nuestra red de socios? - Revista Juvigo","og_description":"\u00bfTienes un campamento y quieres popularizarlo? O mejor, \u00bfinternacionalizarlo? En Juvigo te ayudamos a formar parte de nuestra red de socios.","og_url":"https:\/\/juvigo.es\/revista\/conviertete-en-socio\/","og_site_name":"Revista Juvigo","article_publisher":"https:\/\/de-de.facebook.com\/meinjuvigo","article_modified_time":"2025-09-19T15:50:16+00:00","og_image":[{"width":1440,"height":590,"url":"https:\/\/juvigo.es\/revista\/wp-content\/uploads\/2019\/02\/banner-small-1.jpg","type":"image\/jpeg"}],"twitter_card":"summary_large_image","twitter_site":"@meinjuvigo","twitter_misc":{"Tiempo de lectura":"3 minutos"},"schema":{"@context":"https:\/\/schema.org","@graph":[{"@type":"WebPage","@id":"https:\/\/juvigo.es\/revista\/conviertete-en-socio\/","url":"https:\/\/juvigo.es\/revista\/conviertete-en-socio\/","name":"\u00bfQuieres unirte a nuestra red de socios? - Revista Juvigo","isPartOf":{"@id":"https:\/\/juvigo.es\/revista\/#website"},"datePublished":"2022-08-22T14:17:48+00:00","dateModified":"2025-09-19T15:50:16+00:00","description":"\u00bfTienes un campamento y quieres popularizarlo? O mejor, \u00bfinternacionalizarlo? En Juvigo te ayudamos a formar parte de nuestra red de socios.","breadcrumb":{"@id":"https:\/\/juvigo.es\/revista\/conviertete-en-socio\/#breadcrumb"},"inLanguage":"es","potentialAction":[{"@type":"ReadAction","target":["https:\/\/juvigo.es\/revista\/conviertete-en-socio\/"]}]},{"@type":"BreadcrumbList","@id":"https:\/\/juvigo.es\/revista\/conviertete-en-socio\/#breadcrumb","itemListElement":[{"@type":"ListItem","position":1,"name":"Revista Juvigo","item":"https:\/\/juvigo.es\/revista\/"},{"@type":"ListItem","position":2,"name":"\u00bfQuieres unirte a nuestra red de socios?"}]},{"@type":"WebSite","@id":"https:\/\/juvigo.es\/revista\/#website","url":"https:\/\/juvigo.es\/revista\/","name":"Revista Juvigo","description":"Tu revista digital de campamentos de verano y viajes de idiomas para ni\u00f1os y j\u00f3venes","publisher":{"@id":"https:\/\/juvigo.es\/revista\/#organization"},"potentialAction":[{"@type":"SearchAction","target":{"@type":"EntryPoint","urlTemplate":"https:\/\/juvigo.es\/revista\/?s={search_term_string}"},"query-input":{"@type":"PropertyValueSpecification","valueRequired":true,"valueName":"search_term_string"}}],"inLanguage":"es"},{"@type":"Organization","@id":"https:\/\/juvigo.es\/revista\/#organization","name":"Juvigo GmbH","url":"https:\/\/juvigo.es\/revista\/","logo":{"@type":"ImageObject","inLanguage":"es","@id":"https:\/\/juvigo.es\/revista\/#\/schema\/logo\/image\/","url":"https:\/\/juvigo.es\/revista\/wp-content\/uploads\/2022\/02\/magazine_logo_scaled.png","contentUrl":"https:\/\/juvigo.es\/revista\/wp-content\/uploads\/2022\/02\/magazine_logo_scaled.png","width":240,"height":100,"caption":"Juvigo GmbH"},"image":{"@id":"https:\/\/juvigo.es\/revista\/#\/schema\/logo\/image\/"},"sameAs":["https:\/\/de-de.facebook.com\/meinjuvigo","https:\/\/x.com\/meinjuvigo","http:\/\/instagram.com\/juvigo_de\/"]}]}},"wps_subtitle":"","coauthors":[],"author_meta":{"author_link":"https:\/\/juvigo.es\/revista\/author\/guillermo\/","display_name":"Guillermo Fernandez Cegarra"},"relative_dates":{"created":"Publicado 4 a\u00f1os hace","modified":"Actualizado 7 meses hace"},"absolute_dates":{"created":"Publicado el 22 de agosto de 2022","modified":"Actualizado el 19 de septiembre de 2025"},"absolute_dates_time":{"created":"Publicado el 22 de agosto de 2022 16:17","modified":"Actualizado el 19 de septiembre de 2025 17:50"},"featured_img_caption":"","featured_img":false,"series_order":"","_links":{"self":[{"href":"https:\/\/juvigo.es\/revista\/wp-json\/wp\/v2\/pages\/8073","targetHints":{"allow":["GET"]}}],"collection":[{"href":"https:\/\/juvigo.es\/revista\/wp-json\/wp\/v2\/pages"}],"about":[{"href":"https:\/\/juvigo.es\/revista\/wp-json\/wp\/v2\/types\/page"}],"author":[{"embeddable":true,"href":"https:\/\/juvigo.es\/revista\/wp-json\/wp\/v2\/users\/26"}],"replies":[{"embeddable":true,"href":"https:\/\/juvigo.es\/revista\/wp-json\/wp\/v2\/comments?post=8073"}],"version-history":[{"count":4,"href":"https:\/\/juvigo.es\/revista\/wp-json\/wp\/v2\/pages\/8073\/revisions"}],"predecessor-version":[{"id":10064,"href":"https:\/\/juvigo.es\/revista\/wp-json\/wp\/v2\/pages\/8073\/revisions\/10064"}],"wp:attachment":[{"href":"https:\/\/juvigo.es\/revista\/wp-json\/wp\/v2\/media?parent=8073"}],"wp:term":[{"taxonomy":"category","embeddable":true,"href":"https:\/\/juvigo.es\/revista\/wp-json\/wp\/v2\/categories?post=8073"},{"taxonomy":"post_tag","embeddable":true,"href":"https:\/\/juvigo.es\/revista\/wp-json\/wp\/v2\/tags?post=8073"}],"curies":[{"name":"wp","href":"https:\/\/api.w.org\/{rel}","templated":true}]}}