{"id":8670,"date":"2024-06-24T14:37:43","date_gmt":"2024-06-24T12:37:43","guid":{"rendered":"https:\/\/juvigo.es\/revista\/?page_id=8670"},"modified":"2025-09-22T15:04:01","modified_gmt":"2025-09-22T13:04:01","slug":"trabaja-como-monitor","status":"publish","type":"page","link":"https:\/\/juvigo.es\/revista\/trabaja-como-monitor\/","title":{"rendered":"Trabaja como monitor"},"content":{"rendered":"\n<p>\u00bfTe gustar\u00eda echar un vistazo entre los bastidores de un campamento de verano, un viaje de j\u00f3venes o un viaje de idiomas y ser monitor? Hay muchas oportunidades esper\u00e1ndote.<\/p>\n\n\n\n<p>Juvigo es una agencia de campamentos de vacaciones independiente y, por tanto, no organiza los campamentos de vacaciones por s\u00ed misma.<\/p>\n\n\n\n<p>Si est\u00e1s interesado en acompa\u00f1ar a los ni\u00f1os y adolescentes durante las vacaciones, no dudes en echar un vistazo a\u00a0<a href=\"https:\/\/juvigo.es\/revista\/socios-juvigo\/\" target=\"_blank\" rel=\"noreferrer noopener\">nuestra lista de organizadores<\/a>.<\/p>\n\n\n\n<p>Pulsando en cada logo podr\u00e1s acceder a una breve descripci\u00f3n del organizador y as\u00ed decidir si los campamentos se ajustan a lo que buscabas. Recomendamos buscar el proceso de selecci\u00f3n de personal de cada organizador en su p\u00e1gina web independiente o contact\u00e1ndoles a su correo electr\u00f3nico, \u00a1estar\u00e1n encantados de conocerte!<\/p>\n\n\n\n<p>\u00a1Mucha suerte!<\/p>\n\n\n\n<h2 class=\"wp-block-heading\">Descubre las oportunidades de pr\u00e1cticas en Juvigo:<\/h2>\n\n\n\n<p>Adem\u00e1s de poner en contacto a monitores de campamentos con organizadores de campamentos de verano, Juvigo tambi\u00e9n te ofrece oportunidades \u00fanicas de pr\u00e1cticas para unirte a nuestro equipo en Berl\u00edn. Si buscas una experiencia internacional y adquirir experiencia profesional, ven y descubre toda la magia que se esconde detr\u00e1s de lo que ocurre en el sector de los viajes para j\u00f3venes.<\/p>\n\n\n\n<p>Las pr\u00e1cticas te ofrecen una experiencia incre\u00edble en el coraz\u00f3n de la Industria de los Campamentos de Verano y los Viajes de Idiomas, donde podr\u00e1s aprender y crecer mientras formas parte de las operaciones de una empresa l\u00edder en el sector. Si te atrae la posibilidad de trabajar en una ciudad vibrante y multicultural como Berl\u00edn junto a un equipo apasionado e innovador, no dudes en mostrar tu inter\u00e9s. En esta p\u00e1gina (<a href=\"https:\/\/juvigo.careers\/\">juvigo.careers<\/a>), puedes obtener m\u00e1s informaci\u00f3n sobre las oportunidades de pr\u00e1cticas y presentar tu candidatura. Ven y forma parte de nuestra misi\u00f3n de enriquecer vidas a trav\u00e9s de experiencias vacacionales inolvidables para ni\u00f1os y adolescentes.<\/p>\n","protected":false},"excerpt":{"rendered":"<p>\u00bfTe gustar\u00eda echar un vistazo entre los bastidores de un campamento de verano, un viaje de j\u00f3venes o un viaje de idiomas y ser monitor? Hay muchas oportunidades esper\u00e1ndote. Juvigo es una agencia de campamentos de vacaciones independiente y, por tanto, no organiza los campamentos de vacaciones por s\u00ed misma. Si est\u00e1s interesado en acompa\u00f1ar [&hellip;]<\/p>\n","protected":false},"author":3,"featured_media":8655,"parent":0,"menu_order":0,"comment_status":"closed","ping_status":"closed","template":"","meta":{"advgb_blocks_editor_width":"","advgb_blocks_columns_visual_guide":"","footnotes":"","_links_to":"","_links_to_target":""},"categories":[484],"tags":[],"class_list":["post-8670","page","type-page","status-publish","has-post-thumbnail","hentry","category-monitores"],"yoast_head":"<!-- This site is optimized with the Yoast SEO plugin v25.8 - https:\/\/yoast.com\/wordpress\/plugins\/seo\/ -->\n<title>Trabaja como monitor - Juvigo Revista<\/title>\n<meta name=\"description\" content=\"Descubre c\u00f3mo trabajar de monitor de campamento con Juvigo y oportunidades de pr\u00e1cticas para j\u00f3venes apasionados por la educaci\u00f3n y el ocio.\" \/>\n<meta name=\"robots\" content=\"index, follow, max-snippet:-1, max-image-preview:large, max-video-preview:-1\" \/>\n<link rel=\"canonical\" href=\"https:\/\/juvigo.es\/revista\/trabaja-como-monitor\/\" \/>\n<meta property=\"og:locale\" content=\"es_ES\" \/>\n<meta property=\"og:type\" content=\"article\" \/>\n<meta property=\"og:title\" content=\"Trabaja como monitor - Juvigo Revista\" \/>\n<meta property=\"og:description\" content=\"Descubre c\u00f3mo trabajar de monitor de campamento con Juvigo y oportunidades de pr\u00e1cticas para j\u00f3venes apasionados por la educaci\u00f3n y el ocio.\" \/>\n<meta property=\"og:url\" content=\"https:\/\/juvigo.es\/revista\/trabaja-como-monitor\/\" \/>\n<meta property=\"og:site_name\" content=\"Revista Juvigo\" \/>\n<meta property=\"article:publisher\" content=\"https:\/\/de-de.facebook.com\/meinjuvigo\" \/>\n<meta property=\"article:modified_time\" content=\"2025-09-22T13:04:01+00:00\" \/>\n<meta property=\"og:image\" content=\"https:\/\/juvigo.es\/revista\/wp-content\/uploads\/2024\/06\/camping-4303357_1920.jpg\" \/>\n\t<meta property=\"og:image:width\" content=\"1920\" \/>\n\t<meta property=\"og:image:height\" content=\"1080\" \/>\n\t<meta property=\"og:image:type\" content=\"image\/jpeg\" \/>\n<meta name=\"twitter:card\" content=\"summary_large_image\" \/>\n<meta name=\"twitter:site\" content=\"@meinjuvigo\" \/>\n<meta name=\"twitter:label1\" content=\"Tiempo de lectura\" \/>\n\t<meta name=\"twitter:data1\" content=\"2 minutos\" \/>\n<script type=\"application\/ld+json\" class=\"yoast-schema-graph\">{\"@context\":\"https:\/\/schema.org\",\"@graph\":[{\"@type\":\"WebPage\",\"@id\":\"https:\/\/juvigo.es\/revista\/trabaja-como-monitor\/\",\"url\":\"https:\/\/juvigo.es\/revista\/trabaja-como-monitor\/\",\"name\":\"Trabaja como monitor - Juvigo Revista\",\"isPartOf\":{\"@id\":\"https:\/\/juvigo.es\/revista\/#website\"},\"primaryImageOfPage\":{\"@id\":\"https:\/\/juvigo.es\/revista\/trabaja-como-monitor\/#primaryimage\"},\"image\":{\"@id\":\"https:\/\/juvigo.es\/revista\/trabaja-como-monitor\/#primaryimage\"},\"thumbnailUrl\":\"https:\/\/juvigo.es\/revista\/wp-content\/uploads\/2024\/06\/camping-4303357_1920.jpg\",\"datePublished\":\"2024-06-24T12:37:43+00:00\",\"dateModified\":\"2025-09-22T13:04:01+00:00\",\"description\":\"Descubre c\u00f3mo trabajar de monitor de campamento con Juvigo y oportunidades de pr\u00e1cticas para j\u00f3venes apasionados por la educaci\u00f3n y el ocio.\",\"breadcrumb\":{\"@id\":\"https:\/\/juvigo.es\/revista\/trabaja-como-monitor\/#breadcrumb\"},\"inLanguage\":\"es\",\"potentialAction\":[{\"@type\":\"ReadAction\",\"target\":[\"https:\/\/juvigo.es\/revista\/trabaja-como-monitor\/\"]}]},{\"@type\":\"ImageObject\",\"inLanguage\":\"es\",\"@id\":\"https:\/\/juvigo.es\/revista\/trabaja-como-monitor\/#primaryimage\",\"url\":\"https:\/\/juvigo.es\/revista\/wp-content\/uploads\/2024\/06\/camping-4303357_1920.jpg\",\"contentUrl\":\"https:\/\/juvigo.es\/revista\/wp-content\/uploads\/2024\/06\/camping-4303357_1920.jpg\",\"width\":1920,\"height\":1080},{\"@type\":\"BreadcrumbList\",\"@id\":\"https:\/\/juvigo.es\/revista\/trabaja-como-monitor\/#breadcrumb\",\"itemListElement\":[{\"@type\":\"ListItem\",\"position\":1,\"name\":\"Revista Juvigo\",\"item\":\"https:\/\/juvigo.es\/revista\/\"},{\"@type\":\"ListItem\",\"position\":2,\"name\":\"Trabaja como monitor\"}]},{\"@type\":\"WebSite\",\"@id\":\"https:\/\/juvigo.es\/revista\/#website\",\"url\":\"https:\/\/juvigo.es\/revista\/\",\"name\":\"Revista Juvigo\",\"description\":\"Tu revista digital de campamentos de verano y viajes de idiomas para ni\u00f1os y j\u00f3venes\",\"publisher\":{\"@id\":\"https:\/\/juvigo.es\/revista\/#organization\"},\"potentialAction\":[{\"@type\":\"SearchAction\",\"target\":{\"@type\":\"EntryPoint\",\"urlTemplate\":\"https:\/\/juvigo.es\/revista\/?s={search_term_string}\"},\"query-input\":{\"@type\":\"PropertyValueSpecification\",\"valueRequired\":true,\"valueName\":\"search_term_string\"}}],\"inLanguage\":\"es\"},{\"@type\":\"Organization\",\"@id\":\"https:\/\/juvigo.es\/revista\/#organization\",\"name\":\"Juvigo GmbH\",\"url\":\"https:\/\/juvigo.es\/revista\/\",\"logo\":{\"@type\":\"ImageObject\",\"inLanguage\":\"es\",\"@id\":\"https:\/\/juvigo.es\/revista\/#\/schema\/logo\/image\/\",\"url\":\"https:\/\/juvigo.es\/revista\/wp-content\/uploads\/2022\/02\/magazine_logo_scaled.png\",\"contentUrl\":\"https:\/\/juvigo.es\/revista\/wp-content\/uploads\/2022\/02\/magazine_logo_scaled.png\",\"width\":240,\"height\":100,\"caption\":\"Juvigo GmbH\"},\"image\":{\"@id\":\"https:\/\/juvigo.es\/revista\/#\/schema\/logo\/image\/\"},\"sameAs\":[\"https:\/\/de-de.facebook.com\/meinjuvigo\",\"https:\/\/x.com\/meinjuvigo\",\"http:\/\/instagram.com\/juvigo_de\/\"]}]}<\/script>\n<!-- \/ Yoast SEO plugin. -->","yoast_head_json":{"title":"Trabaja como monitor - Juvigo Revista","description":"Descubre c\u00f3mo trabajar de monitor de campamento con Juvigo y oportunidades de pr\u00e1cticas para j\u00f3venes apasionados por la educaci\u00f3n y el ocio.","robots":{"index":"index","follow":"follow","max-snippet":"max-snippet:-1","max-image-preview":"max-image-preview:large","max-video-preview":"max-video-preview:-1"},"canonical":"https:\/\/juvigo.es\/revista\/trabaja-como-monitor\/","og_locale":"es_ES","og_type":"article","og_title":"Trabaja como monitor - Juvigo Revista","og_description":"Descubre c\u00f3mo trabajar de monitor de campamento con Juvigo y oportunidades de pr\u00e1cticas para j\u00f3venes apasionados por la educaci\u00f3n y el ocio.","og_url":"https:\/\/juvigo.es\/revista\/trabaja-como-monitor\/","og_site_name":"Revista Juvigo","article_publisher":"https:\/\/de-de.facebook.com\/meinjuvigo","article_modified_time":"2025-09-22T13:04:01+00:00","og_image":[{"width":1920,"height":1080,"url":"https:\/\/juvigo.es\/revista\/wp-content\/uploads\/2024\/06\/camping-4303357_1920.jpg","type":"image\/jpeg"}],"twitter_card":"summary_large_image","twitter_site":"@meinjuvigo","twitter_misc":{"Tiempo de lectura":"2 minutos"},"schema":{"@context":"https:\/\/schema.org","@graph":[{"@type":"WebPage","@id":"https:\/\/juvigo.es\/revista\/trabaja-como-monitor\/","url":"https:\/\/juvigo.es\/revista\/trabaja-como-monitor\/","name":"Trabaja como monitor - Juvigo Revista","isPartOf":{"@id":"https:\/\/juvigo.es\/revista\/#website"},"primaryImageOfPage":{"@id":"https:\/\/juvigo.es\/revista\/trabaja-como-monitor\/#primaryimage"},"image":{"@id":"https:\/\/juvigo.es\/revista\/trabaja-como-monitor\/#primaryimage"},"thumbnailUrl":"https:\/\/juvigo.es\/revista\/wp-content\/uploads\/2024\/06\/camping-4303357_1920.jpg","datePublished":"2024-06-24T12:37:43+00:00","dateModified":"2025-09-22T13:04:01+00:00","description":"Descubre c\u00f3mo trabajar de monitor de campamento con Juvigo y oportunidades de pr\u00e1cticas para j\u00f3venes apasionados por la educaci\u00f3n y el ocio.","breadcrumb":{"@id":"https:\/\/juvigo.es\/revista\/trabaja-como-monitor\/#breadcrumb"},"inLanguage":"es","potentialAction":[{"@type":"ReadAction","target":["https:\/\/juvigo.es\/revista\/trabaja-como-monitor\/"]}]},{"@type":"ImageObject","inLanguage":"es","@id":"https:\/\/juvigo.es\/revista\/trabaja-como-monitor\/#primaryimage","url":"https:\/\/juvigo.es\/revista\/wp-content\/uploads\/2024\/06\/camping-4303357_1920.jpg","contentUrl":"https:\/\/juvigo.es\/revista\/wp-content\/uploads\/2024\/06\/camping-4303357_1920.jpg","width":1920,"height":1080},{"@type":"BreadcrumbList","@id":"https:\/\/juvigo.es\/revista\/trabaja-como-monitor\/#breadcrumb","itemListElement":[{"@type":"ListItem","position":1,"name":"Revista Juvigo","item":"https:\/\/juvigo.es\/revista\/"},{"@type":"ListItem","position":2,"name":"Trabaja como monitor"}]},{"@type":"WebSite","@id":"https:\/\/juvigo.es\/revista\/#website","url":"https:\/\/juvigo.es\/revista\/","name":"Revista Juvigo","description":"Tu revista digital de campamentos de verano y viajes de idiomas para ni\u00f1os y j\u00f3venes","publisher":{"@id":"https:\/\/juvigo.es\/revista\/#organization"},"potentialAction":[{"@type":"SearchAction","target":{"@type":"EntryPoint","urlTemplate":"https:\/\/juvigo.es\/revista\/?s={search_term_string}"},"query-input":{"@type":"PropertyValueSpecification","valueRequired":true,"valueName":"search_term_string"}}],"inLanguage":"es"},{"@type":"Organization","@id":"https:\/\/juvigo.es\/revista\/#organization","name":"Juvigo GmbH","url":"https:\/\/juvigo.es\/revista\/","logo":{"@type":"ImageObject","inLanguage":"es","@id":"https:\/\/juvigo.es\/revista\/#\/schema\/logo\/image\/","url":"https:\/\/juvigo.es\/revista\/wp-content\/uploads\/2022\/02\/magazine_logo_scaled.png","contentUrl":"https:\/\/juvigo.es\/revista\/wp-content\/uploads\/2022\/02\/magazine_logo_scaled.png","width":240,"height":100,"caption":"Juvigo GmbH"},"image":{"@id":"https:\/\/juvigo.es\/revista\/#\/schema\/logo\/image\/"},"sameAs":["https:\/\/de-de.facebook.com\/meinjuvigo","https:\/\/x.com\/meinjuvigo","http:\/\/instagram.com\/juvigo_de\/"]}]}},"wps_subtitle":"","coauthors":[],"author_meta":{"author_link":"https:\/\/juvigo.es\/revista\/author\/max\/","display_name":"Max"},"relative_dates":{"created":"Publicado 2 a\u00f1os hace","modified":"Actualizado 7 meses hace"},"absolute_dates":{"created":"Publicado el 24 de junio de 2024","modified":"Actualizado el 22 de septiembre de 2025"},"absolute_dates_time":{"created":"Publicado el 24 de junio de 2024 14:37","modified":"Actualizado el 22 de septiembre de 2025 15:04"},"featured_img_caption":"","featured_img":"https:\/\/juvigo.es\/revista\/wp-content\/uploads\/2024\/06\/camping-4303357_1920.jpg","series_order":"","_links":{"self":[{"href":"https:\/\/juvigo.es\/revista\/wp-json\/wp\/v2\/pages\/8670","targetHints":{"allow":["GET"]}}],"collection":[{"href":"https:\/\/juvigo.es\/revista\/wp-json\/wp\/v2\/pages"}],"about":[{"href":"https:\/\/juvigo.es\/revista\/wp-json\/wp\/v2\/types\/page"}],"author":[{"embeddable":true,"href":"https:\/\/juvigo.es\/revista\/wp-json\/wp\/v2\/users\/3"}],"replies":[{"embeddable":true,"href":"https:\/\/juvigo.es\/revista\/wp-json\/wp\/v2\/comments?post=8670"}],"version-history":[{"count":2,"href":"https:\/\/juvigo.es\/revista\/wp-json\/wp\/v2\/pages\/8670\/revisions"}],"predecessor-version":[{"id":9273,"href":"https:\/\/juvigo.es\/revista\/wp-json\/wp\/v2\/pages\/8670\/revisions\/9273"}],"wp:featuredmedia":[{"embeddable":true,"href":"https:\/\/juvigo.es\/revista\/wp-json\/wp\/v2\/media\/8655"}],"wp:attachment":[{"href":"https:\/\/juvigo.es\/revista\/wp-json\/wp\/v2\/media?parent=8670"}],"wp:term":[{"taxonomy":"category","embeddable":true,"href":"https:\/\/juvigo.es\/revista\/wp-json\/wp\/v2\/categories?post=8670"},{"taxonomy":"post_tag","embeddable":true,"href":"https:\/\/juvigo.es\/revista\/wp-json\/wp\/v2\/tags?post=8670"}],"curies":[{"name":"wp","href":"https:\/\/api.w.org\/{rel}","templated":true}]}}