{"id":8675,"date":"2024-06-24T14:44:43","date_gmt":"2024-06-24T12:44:43","guid":{"rendered":"https:\/\/juvigo.es\/revista\/?page_id=8675"},"modified":"2025-09-22T13:32:37","modified_gmt":"2025-09-22T11:32:37","slug":"calidad","status":"publish","type":"page","link":"https:\/\/juvigo.es\/revista\/calidad\/","title":{"rendered":"Nuestra declaraci\u00f3n de calidad"},"content":{"rendered":"\n<h2 class=\"wp-block-heading\">Asesoramiento personal<\/h2>\n\n\n\n<div class=\"wp-block-columns is-layout-flex wp-container-core-columns-is-layout-9d6595d7 wp-block-columns-is-layout-flex\">\n<div class=\"wp-block-column is-layout-flow wp-block-column-is-layout-flow\" style=\"flex-basis:66.66%\">\n<p>Muchos de nosotros en Juvigo no s\u00f3lo hemos disfrutado de un campamento de verano cuando \u00e9ramos ni\u00f1os, sino que algunos incluso tienen a\u00f1os de experiencia y conocimientos como consejeros de campamentos de verano. Por eso sabemos exactamente qu\u00e9 quieren los ni\u00f1os para que tu alojamiento en el campamento de verano sea inolvidable.<\/p>\n\n\n\n<p>Para nosotros es especialmente importante que conf\u00edes en nosotros. Por eso estamos encantados de asesorarte personalmente por tel\u00e9fono, por correo electr\u00f3nico o por WhatsApp y, por supuesto, para responder a todas tus otras preguntas sobre los campamentos de verano.<\/p>\n<\/div>\n\n\n\n<div class=\"wp-block-column is-layout-flow wp-block-column-is-layout-flow\" style=\"flex-basis:33.33%\"><\/div>\n<\/div>\n\n\n\n<h2 class=\"wp-block-heading\">Selecci\u00f3n de campamentos de vacaciones<\/h2>\n\n\n\n<div class=\"wp-block-columns is-layout-flex wp-container-core-columns-is-layout-9d6595d7 wp-block-columns-is-layout-flex\">\n<div class=\"wp-block-column is-layout-flow wp-block-column-is-layout-flow\" style=\"flex-basis:66.66%\">\n<p>Con nosotros tienes todas los campamentos de vacaciones a la vista. Obtendr\u00e1s una visi\u00f3n general y podr\u00e1s comparar directamente. En Juvigo podemos ofrecer cientos de campamentos de vacaciones en 17 pa\u00edses en miles de fechas de viaje. Sin embargo, no s\u00f3lo la selecci\u00f3n es importante para nosotros. Seleccionamos los campamentos de vacaciones seg\u00fan criterios estrictos, para que no s\u00f3lo se diviertas en el campamento de vacaciones, sino que tambi\u00e9n est\u00e9s en buenas y seguras manos.<\/p>\n<\/div>\n\n\n\n<div class=\"wp-block-column is-layout-flow wp-block-column-is-layout-flow\" style=\"flex-basis:33.33%\"><\/div>\n<\/div>\n\n\n\n<h2 class=\"wp-block-heading\">Reserva segura y f\u00e1cil<\/h2>\n\n\n\n<div class=\"wp-block-columns is-layout-flex wp-container-core-columns-is-layout-9d6595d7 wp-block-columns-is-layout-flex\">\n<div class=\"wp-block-column is-layout-flow wp-block-column-is-layout-flow\" style=\"flex-basis:66.66%\">\n<p>Con nosotros, te aseguramos un proceso de reserva sencillo, sin rodeos ni enga\u00f1os, es parte de nuestro servicio principal. Despu\u00e9s de tu reserva, recibir\u00e1s toda la informaci\u00f3n importante sobre el viaje reservado.<\/p>\n\n\n\n<p>\u00bfTodav\u00eda no est\u00e1s seguro de si debes reservar? No hay problema. Con nuestro servicio de reservas telef\u00f3nicas puedes asegurarte un espacio en el campamento de vacaciones y hacer simplemente una reserva definitiva en una fecha posterior. Adem\u00e1s, te ofrecemos una cancelaci\u00f3n gratuita para algunos viajes hasta dos semanas antes del inicio del mismo. Puedes reconocerlo f\u00e1cilmente por la nota correspondiente al reservar el viaje.<\/p>\n<\/div>\n\n\n\n<div class=\"wp-block-column is-layout-flow wp-block-column-is-layout-flow\" style=\"flex-basis:33.33%\"><div class=\"wp-block-image\">\n<figure class=\"aligncenter size-full\"><img decoding=\"async\" width=\"500\" height=\"500\" data-src=\"https:\/\/juvigo.es\/revista\/wp-content\/uploads\/2024\/06\/image.png\" alt=\"\" class=\"wp-image-8704 lazyload\" title=\"\u00a1En Juvigo puedes reservar f\u00e1cilmente por tel\u00e9fono!\" data-srcset=\"https:\/\/juvigo.es\/revista\/wp-content\/uploads\/2024\/06\/image.png 500w, https:\/\/juvigo.es\/revista\/wp-content\/uploads\/2024\/06\/image-300x300.png 300w, https:\/\/juvigo.es\/revista\/wp-content\/uploads\/2024\/06\/image-150x150.png 150w, https:\/\/juvigo.es\/revista\/wp-content\/uploads\/2024\/06\/image-278x278.png 278w, https:\/\/juvigo.es\/revista\/wp-content\/uploads\/2024\/06\/image-247x247.png 247w\" data-sizes=\"(max-width: 500px) 100vw, 500px\" src=\"data:image\/svg+xml;base64,PHN2ZyB3aWR0aD0iMSIgaGVpZ2h0PSIxIiB4bWxucz0iaHR0cDovL3d3dy53My5vcmcvMjAwMC9zdmciPjwvc3ZnPg==\" style=\"--smush-placeholder-width: 500px; --smush-placeholder-aspect-ratio: 500\/500;\" \/><\/figure><\/div><\/div>\n<\/div>\n\n\n\n<h2 class=\"wp-block-heading\">Servicio calificado de primera clase<\/h2>\n\n\n\n<div class=\"wp-block-columns is-layout-flex wp-container-core-columns-is-layout-9d6595d7 wp-block-columns-is-layout-flex\">\n<div class=\"wp-block-column is-layout-flow wp-block-column-is-layout-flow\" style=\"flex-basis:66.66%\">\n<p>Si tienes alguna duda, siempre puedes llamarnos o enviarnos un correo electr\u00f3nico. Queremos que consigas el mejor campamento de vacaciones o el viaje juvenil m\u00e1s atractivo y estaremos encantados de atenderte personalmente. Tambi\u00e9n recomendamos nuestro asesoramiento experto para los viajes ling\u00fc\u00edsticos. Para los grupos tambi\u00e9n disponemos de un servicio de reservas personalizadas. Un miembro de nuestro equipo de expertos te asesorar\u00e1 y, si es necesario, te har\u00e1 una reserva, por supuesto, de forma totalmente gratuita y sin compromiso. Todas las preguntas sobre viajes para ni\u00f1os y j\u00f3venes ser\u00e1n respondidas y as\u00ed podr\u00e1s encontrar el viaje adecuado junto a nosotros.<\/p>\n<\/div>\n\n\n\n<div class=\"wp-block-column is-layout-flow wp-block-column-is-layout-flow\" style=\"flex-basis:33.33%\"><\/div>\n<\/div>\n\n\n\n<h2 class=\"wp-block-heading\">Excelente concepto<\/h2>\n\n\n\n<div class=\"wp-block-columns is-layout-flex wp-container-core-columns-is-layout-9d6595d7 wp-block-columns-is-layout-flex\">\n<div class=\"wp-block-column is-layout-flow wp-block-column-is-layout-flow\" style=\"flex-basis:66.66%\">\n<p>La &#8220;Verband Internet Reisevertrieb&#8221; (VIR) es una asociaci\u00f3n de empresas que se sienten a gusto con el turismo digital. Cada a\u00f1o, la asociaci\u00f3n elige una empresa joven cuyo concepto es especialmente innovador. Un jurado de primera categor\u00eda, con representantes del sector de los viajes digitales, se mostr\u00f3 entusiasmado con la idea de hacer que los campamentos de vacaciones, los viajes para j\u00f3venes y los viajes ling\u00fc\u00edsticos se puedan reservar en Internet. Alabaron el enfoque de Juvigo de hacer transparente un mercado fragmentado a nivel regional. Adem\u00e1s, el enfoque de ofrecer un buen servicio al cliente fue convincente. Los ni\u00f1os, los j\u00f3venes y los padres son asesorados por los expertos de los campamentos de vacaciones no s\u00f3lo por tel\u00e9fono y correo electr\u00f3nico, sino tambi\u00e9n por Whatsapp y Facebook.<\/p>\n<\/div>\n\n\n\n<div class=\"wp-block-column is-layout-flow wp-block-column-is-layout-flow\" style=\"flex-basis:33.33%\"><div class=\"wp-block-image\">\n<figure class=\"aligncenter size-full\"><img decoding=\"async\" width=\"994\" height=\"397\" data-src=\"https:\/\/juvigo.es\/revista\/wp-content\/uploads\/2024\/06\/image-1.png\" alt=\"\" class=\"wp-image-8705 lazyload\" title=\"Juvigo - Ganador del concurso de innovaci\u00f3n VIR 'Sprungbrett' 2017\" data-srcset=\"https:\/\/juvigo.es\/revista\/wp-content\/uploads\/2024\/06\/image-1.png 994w, https:\/\/juvigo.es\/revista\/wp-content\/uploads\/2024\/06\/image-1-300x120.png 300w, https:\/\/juvigo.es\/revista\/wp-content\/uploads\/2024\/06\/image-1-768x307.png 768w, https:\/\/juvigo.es\/revista\/wp-content\/uploads\/2024\/06\/image-1-600x240.png 600w, https:\/\/juvigo.es\/revista\/wp-content\/uploads\/2024\/06\/image-1-800x320.png 800w\" data-sizes=\"(max-width: 994px) 100vw, 994px\" src=\"data:image\/svg+xml;base64,PHN2ZyB3aWR0aD0iMSIgaGVpZ2h0PSIxIiB4bWxucz0iaHR0cDovL3d3dy53My5vcmcvMjAwMC9zdmciPjwvc3ZnPg==\" style=\"--smush-placeholder-width: 994px; --smush-placeholder-aspect-ratio: 994\/397;\" \/><\/figure><\/div><\/div>\n<\/div>\n\n\n\n<div class=\"skeepers_carousel_container\" data-slides-count=\"3\"><\/div><script async charset=\"utf-8\" src=\"\/\/widgets.rr.skeepers.io\/carousel\/2c238e63-c035-d4a4-c9c2-6e92f0c8a367\/5a642f9f-f85e-40fa-998f-bf1adae629a5.js\"><\/script>\n","protected":false},"excerpt":{"rendered":"<p>Asesoramiento personal Muchos de nosotros en Juvigo no s\u00f3lo hemos disfrutado de un campamento de verano cuando \u00e9ramos ni\u00f1os, sino que algunos incluso tienen a\u00f1os de experiencia y conocimientos como consejeros de campamentos de verano. Por eso sabemos exactamente qu\u00e9 quieren los ni\u00f1os para que tu alojamiento en el campamento de verano sea inolvidable. Para [&hellip;]<\/p>\n","protected":false},"author":3,"featured_media":8655,"parent":0,"menu_order":0,"comment_status":"closed","ping_status":"closed","template":"","meta":{"advgb_blocks_editor_width":"","advgb_blocks_columns_visual_guide":"","footnotes":"","_links_to":"","_links_to_target":""},"categories":[],"tags":[],"class_list":["post-8675","page","type-page","status-publish","has-post-thumbnail","hentry"],"yoast_head":"<!-- This site is optimized with the Yoast SEO plugin v25.8 - https:\/\/yoast.com\/wordpress\/plugins\/seo\/ -->\n<title>Nuestra declaraci\u00f3n de calidad - Juvigo Revista<\/title>\n<meta name=\"description\" content=\"En Juvigo garantizamos una selecci\u00f3n cuidadosa, reserva segura, atenci\u00f3n personalizada y un servicio de primera para viajes y campamentos.\" \/>\n<meta name=\"robots\" content=\"index, follow, max-snippet:-1, max-image-preview:large, max-video-preview:-1\" \/>\n<link rel=\"canonical\" href=\"https:\/\/juvigo.es\/revista\/calidad\/\" \/>\n<meta property=\"og:locale\" content=\"es_ES\" \/>\n<meta property=\"og:type\" content=\"article\" \/>\n<meta property=\"og:title\" content=\"Nuestra declaraci\u00f3n de calidad - Juvigo Revista\" \/>\n<meta property=\"og:description\" content=\"En Juvigo garantizamos una selecci\u00f3n cuidadosa, reserva segura, atenci\u00f3n personalizada y un servicio de primera para viajes y campamentos.\" \/>\n<meta property=\"og:url\" content=\"https:\/\/juvigo.es\/revista\/calidad\/\" \/>\n<meta property=\"og:site_name\" content=\"Revista Juvigo\" \/>\n<meta property=\"article:publisher\" content=\"https:\/\/de-de.facebook.com\/meinjuvigo\" \/>\n<meta property=\"article:modified_time\" content=\"2025-09-22T11:32:37+00:00\" \/>\n<meta property=\"og:image\" content=\"https:\/\/juvigo.es\/revista\/wp-content\/uploads\/2024\/06\/camping-4303357_1920.jpg\" \/>\n\t<meta property=\"og:image:width\" content=\"1920\" \/>\n\t<meta property=\"og:image:height\" content=\"1080\" \/>\n\t<meta property=\"og:image:type\" content=\"image\/jpeg\" \/>\n<meta name=\"twitter:card\" content=\"summary_large_image\" \/>\n<meta name=\"twitter:site\" content=\"@meinjuvigo\" \/>\n<meta name=\"twitter:label1\" content=\"Tiempo de lectura\" \/>\n\t<meta name=\"twitter:data1\" content=\"3 minutos\" \/>\n<script type=\"application\/ld+json\" class=\"yoast-schema-graph\">{\"@context\":\"https:\/\/schema.org\",\"@graph\":[{\"@type\":\"WebPage\",\"@id\":\"https:\/\/juvigo.es\/revista\/calidad\/\",\"url\":\"https:\/\/juvigo.es\/revista\/calidad\/\",\"name\":\"Nuestra declaraci\u00f3n de calidad - Juvigo Revista\",\"isPartOf\":{\"@id\":\"https:\/\/juvigo.es\/revista\/#website\"},\"primaryImageOfPage\":{\"@id\":\"https:\/\/juvigo.es\/revista\/calidad\/#primaryimage\"},\"image\":{\"@id\":\"https:\/\/juvigo.es\/revista\/calidad\/#primaryimage\"},\"thumbnailUrl\":\"https:\/\/juvigo.es\/revista\/wp-content\/uploads\/2024\/06\/camping-4303357_1920.jpg\",\"datePublished\":\"2024-06-24T12:44:43+00:00\",\"dateModified\":\"2025-09-22T11:32:37+00:00\",\"description\":\"En Juvigo garantizamos una selecci\u00f3n cuidadosa, reserva segura, atenci\u00f3n personalizada y un servicio de primera para viajes y campamentos.\",\"breadcrumb\":{\"@id\":\"https:\/\/juvigo.es\/revista\/calidad\/#breadcrumb\"},\"inLanguage\":\"es\",\"potentialAction\":[{\"@type\":\"ReadAction\",\"target\":[\"https:\/\/juvigo.es\/revista\/calidad\/\"]}]},{\"@type\":\"ImageObject\",\"inLanguage\":\"es\",\"@id\":\"https:\/\/juvigo.es\/revista\/calidad\/#primaryimage\",\"url\":\"https:\/\/juvigo.es\/revista\/wp-content\/uploads\/2024\/06\/camping-4303357_1920.jpg\",\"contentUrl\":\"https:\/\/juvigo.es\/revista\/wp-content\/uploads\/2024\/06\/camping-4303357_1920.jpg\",\"width\":1920,\"height\":1080},{\"@type\":\"BreadcrumbList\",\"@id\":\"https:\/\/juvigo.es\/revista\/calidad\/#breadcrumb\",\"itemListElement\":[{\"@type\":\"ListItem\",\"position\":1,\"name\":\"Revista Juvigo\",\"item\":\"https:\/\/juvigo.es\/revista\/\"},{\"@type\":\"ListItem\",\"position\":2,\"name\":\"Nuestra declaraci\u00f3n de calidad\"}]},{\"@type\":\"WebSite\",\"@id\":\"https:\/\/juvigo.es\/revista\/#website\",\"url\":\"https:\/\/juvigo.es\/revista\/\",\"name\":\"Revista Juvigo\",\"description\":\"Tu revista digital de campamentos de verano y viajes de idiomas para ni\u00f1os y j\u00f3venes\",\"publisher\":{\"@id\":\"https:\/\/juvigo.es\/revista\/#organization\"},\"potentialAction\":[{\"@type\":\"SearchAction\",\"target\":{\"@type\":\"EntryPoint\",\"urlTemplate\":\"https:\/\/juvigo.es\/revista\/?s={search_term_string}\"},\"query-input\":{\"@type\":\"PropertyValueSpecification\",\"valueRequired\":true,\"valueName\":\"search_term_string\"}}],\"inLanguage\":\"es\"},{\"@type\":\"Organization\",\"@id\":\"https:\/\/juvigo.es\/revista\/#organization\",\"name\":\"Juvigo GmbH\",\"url\":\"https:\/\/juvigo.es\/revista\/\",\"logo\":{\"@type\":\"ImageObject\",\"inLanguage\":\"es\",\"@id\":\"https:\/\/juvigo.es\/revista\/#\/schema\/logo\/image\/\",\"url\":\"https:\/\/juvigo.es\/revista\/wp-content\/uploads\/2022\/02\/magazine_logo_scaled.png\",\"contentUrl\":\"https:\/\/juvigo.es\/revista\/wp-content\/uploads\/2022\/02\/magazine_logo_scaled.png\",\"width\":240,\"height\":100,\"caption\":\"Juvigo GmbH\"},\"image\":{\"@id\":\"https:\/\/juvigo.es\/revista\/#\/schema\/logo\/image\/\"},\"sameAs\":[\"https:\/\/de-de.facebook.com\/meinjuvigo\",\"https:\/\/x.com\/meinjuvigo\",\"http:\/\/instagram.com\/juvigo_de\/\"]}]}<\/script>\n<!-- \/ Yoast SEO plugin. -->","yoast_head_json":{"title":"Nuestra declaraci\u00f3n de calidad - Juvigo Revista","description":"En Juvigo garantizamos una selecci\u00f3n cuidadosa, reserva segura, atenci\u00f3n personalizada y un servicio de primera para viajes y campamentos.","robots":{"index":"index","follow":"follow","max-snippet":"max-snippet:-1","max-image-preview":"max-image-preview:large","max-video-preview":"max-video-preview:-1"},"canonical":"https:\/\/juvigo.es\/revista\/calidad\/","og_locale":"es_ES","og_type":"article","og_title":"Nuestra declaraci\u00f3n de calidad - Juvigo Revista","og_description":"En Juvigo garantizamos una selecci\u00f3n cuidadosa, reserva segura, atenci\u00f3n personalizada y un servicio de primera para viajes y campamentos.","og_url":"https:\/\/juvigo.es\/revista\/calidad\/","og_site_name":"Revista Juvigo","article_publisher":"https:\/\/de-de.facebook.com\/meinjuvigo","article_modified_time":"2025-09-22T11:32:37+00:00","og_image":[{"width":1920,"height":1080,"url":"https:\/\/juvigo.es\/revista\/wp-content\/uploads\/2024\/06\/camping-4303357_1920.jpg","type":"image\/jpeg"}],"twitter_card":"summary_large_image","twitter_site":"@meinjuvigo","twitter_misc":{"Tiempo de lectura":"3 minutos"},"schema":{"@context":"https:\/\/schema.org","@graph":[{"@type":"WebPage","@id":"https:\/\/juvigo.es\/revista\/calidad\/","url":"https:\/\/juvigo.es\/revista\/calidad\/","name":"Nuestra declaraci\u00f3n de calidad - Juvigo Revista","isPartOf":{"@id":"https:\/\/juvigo.es\/revista\/#website"},"primaryImageOfPage":{"@id":"https:\/\/juvigo.es\/revista\/calidad\/#primaryimage"},"image":{"@id":"https:\/\/juvigo.es\/revista\/calidad\/#primaryimage"},"thumbnailUrl":"https:\/\/juvigo.es\/revista\/wp-content\/uploads\/2024\/06\/camping-4303357_1920.jpg","datePublished":"2024-06-24T12:44:43+00:00","dateModified":"2025-09-22T11:32:37+00:00","description":"En Juvigo garantizamos una selecci\u00f3n cuidadosa, reserva segura, atenci\u00f3n personalizada y un servicio de primera para viajes y campamentos.","breadcrumb":{"@id":"https:\/\/juvigo.es\/revista\/calidad\/#breadcrumb"},"inLanguage":"es","potentialAction":[{"@type":"ReadAction","target":["https:\/\/juvigo.es\/revista\/calidad\/"]}]},{"@type":"ImageObject","inLanguage":"es","@id":"https:\/\/juvigo.es\/revista\/calidad\/#primaryimage","url":"https:\/\/juvigo.es\/revista\/wp-content\/uploads\/2024\/06\/camping-4303357_1920.jpg","contentUrl":"https:\/\/juvigo.es\/revista\/wp-content\/uploads\/2024\/06\/camping-4303357_1920.jpg","width":1920,"height":1080},{"@type":"BreadcrumbList","@id":"https:\/\/juvigo.es\/revista\/calidad\/#breadcrumb","itemListElement":[{"@type":"ListItem","position":1,"name":"Revista Juvigo","item":"https:\/\/juvigo.es\/revista\/"},{"@type":"ListItem","position":2,"name":"Nuestra declaraci\u00f3n de calidad"}]},{"@type":"WebSite","@id":"https:\/\/juvigo.es\/revista\/#website","url":"https:\/\/juvigo.es\/revista\/","name":"Revista Juvigo","description":"Tu revista digital de campamentos de verano y viajes de idiomas para ni\u00f1os y j\u00f3venes","publisher":{"@id":"https:\/\/juvigo.es\/revista\/#organization"},"potentialAction":[{"@type":"SearchAction","target":{"@type":"EntryPoint","urlTemplate":"https:\/\/juvigo.es\/revista\/?s={search_term_string}"},"query-input":{"@type":"PropertyValueSpecification","valueRequired":true,"valueName":"search_term_string"}}],"inLanguage":"es"},{"@type":"Organization","@id":"https:\/\/juvigo.es\/revista\/#organization","name":"Juvigo GmbH","url":"https:\/\/juvigo.es\/revista\/","logo":{"@type":"ImageObject","inLanguage":"es","@id":"https:\/\/juvigo.es\/revista\/#\/schema\/logo\/image\/","url":"https:\/\/juvigo.es\/revista\/wp-content\/uploads\/2022\/02\/magazine_logo_scaled.png","contentUrl":"https:\/\/juvigo.es\/revista\/wp-content\/uploads\/2022\/02\/magazine_logo_scaled.png","width":240,"height":100,"caption":"Juvigo GmbH"},"image":{"@id":"https:\/\/juvigo.es\/revista\/#\/schema\/logo\/image\/"},"sameAs":["https:\/\/de-de.facebook.com\/meinjuvigo","https:\/\/x.com\/meinjuvigo","http:\/\/instagram.com\/juvigo_de\/"]}]}},"wps_subtitle":"","coauthors":[],"author_meta":{"author_link":"https:\/\/juvigo.es\/revista\/author\/max\/","display_name":"Max"},"relative_dates":{"created":"Publicado 2 a\u00f1os hace","modified":"Actualizado 7 meses hace"},"absolute_dates":{"created":"Publicado el 24 de junio de 2024","modified":"Actualizado el 22 de septiembre de 2025"},"absolute_dates_time":{"created":"Publicado el 24 de junio de 2024 14:44","modified":"Actualizado el 22 de septiembre de 2025 13:32"},"featured_img_caption":"","featured_img":"https:\/\/juvigo.es\/revista\/wp-content\/uploads\/2024\/06\/camping-4303357_1920.jpg","series_order":"","_links":{"self":[{"href":"https:\/\/juvigo.es\/revista\/wp-json\/wp\/v2\/pages\/8675","targetHints":{"allow":["GET"]}}],"collection":[{"href":"https:\/\/juvigo.es\/revista\/wp-json\/wp\/v2\/pages"}],"about":[{"href":"https:\/\/juvigo.es\/revista\/wp-json\/wp\/v2\/types\/page"}],"author":[{"embeddable":true,"href":"https:\/\/juvigo.es\/revista\/wp-json\/wp\/v2\/users\/3"}],"replies":[{"embeddable":true,"href":"https:\/\/juvigo.es\/revista\/wp-json\/wp\/v2\/comments?post=8675"}],"version-history":[{"count":4,"href":"https:\/\/juvigo.es\/revista\/wp-json\/wp\/v2\/pages\/8675\/revisions"}],"predecessor-version":[{"id":9309,"href":"https:\/\/juvigo.es\/revista\/wp-json\/wp\/v2\/pages\/8675\/revisions\/9309"}],"wp:featuredmedia":[{"embeddable":true,"href":"https:\/\/juvigo.es\/revista\/wp-json\/wp\/v2\/media\/8655"}],"wp:attachment":[{"href":"https:\/\/juvigo.es\/revista\/wp-json\/wp\/v2\/media?parent=8675"}],"wp:term":[{"taxonomy":"category","embeddable":true,"href":"https:\/\/juvigo.es\/revista\/wp-json\/wp\/v2\/categories?post=8675"},{"taxonomy":"post_tag","embeddable":true,"href":"https:\/\/juvigo.es\/revista\/wp-json\/wp\/v2\/tags?post=8675"}],"curies":[{"name":"wp","href":"https:\/\/api.w.org\/{rel}","templated":true}]}}