{"id":8688,"date":"2024-06-24T15:13:03","date_gmt":"2024-06-24T13:13:03","guid":{"rendered":"https:\/\/juvigo.es\/revista\/?page_id=8688"},"modified":"2025-09-22T14:50:54","modified_gmt":"2025-09-22T12:50:54","slug":"seguros","status":"publish","type":"page","link":"https:\/\/juvigo.es\/revista\/seguros\/","title":{"rendered":"Juvigo \u2013 Seguro de Viajes"},"content":{"rendered":"\n<p>Con nuestro fuerte socio HanseMerkur, con m\u00e1s de 140 a\u00f1os de experiencia, te ofrecemos una protecci\u00f3n de seguro cualitativamente excelente. Hemos negociado las mejores condiciones para ti y podemos hacerte una oferta mejor que la que puedes reservar individualmente con una aseguradora.<\/p>\n\n\n\n<figure class=\"wp-block-image size-full\"><img decoding=\"async\" width=\"645\" height=\"313\" data-src=\"https:\/\/juvigo.es\/revista\/wp-content\/uploads\/2024\/06\/image-1.jpeg\" alt=\"\" class=\"wp-image-8698 lazyload\" title=\"Comparaci\u00f3n del seguro de anulaci\u00f3n de viaje y la protecci\u00f3n premium 5 estrellas\" data-srcset=\"https:\/\/juvigo.es\/revista\/wp-content\/uploads\/2024\/06\/image-1.jpeg 645w, https:\/\/juvigo.es\/revista\/wp-content\/uploads\/2024\/06\/image-1-300x146.jpeg 300w, https:\/\/juvigo.es\/revista\/wp-content\/uploads\/2024\/06\/image-1-600x291.jpeg 600w\" data-sizes=\"(max-width: 645px) 100vw, 645px\" src=\"data:image\/svg+xml;base64,PHN2ZyB3aWR0aD0iMSIgaGVpZ2h0PSIxIiB4bWxucz0iaHR0cDovL3d3dy53My5vcmcvMjAwMC9zdmciPjwvc3ZnPg==\" style=\"--smush-placeholder-width: 645px; --smush-placeholder-aspect-ratio: 645\/313;\" \/><\/figure>\n\n\n\n<div style=\"height:30px\" aria-hidden=\"true\" class=\"wp-block-spacer\"><\/div>\n\n\n\n<h2 class=\"wp-block-heading\">Seguro de cancelaci\u00f3n de viaje<\/h2>\n\n\n\n<p>En caso de cancelaci\u00f3n de la reserva de viaje o de retraso en el inicio de este, reembolsaremos los costos de anulaci\u00f3n o gastos extras en el viaje de ida. Muy confortable para ti: Sin franquicia.<\/p>\n\n\n\n<h2 class=\"wp-block-heading\">Protecci\u00f3n premium<\/h2>\n\n\n\n<p>La protecci\u00f3n premium asegura perfectamente tus vacaciones, ya que aqu\u00ed obtienes los seguros de viaje m\u00e1s importantes pr\u00e1cticamente en un solo paquete. Adem\u00e1s del seguro de anulaci\u00f3n de viaje descrito anteriormente, nuestro paquete de Protecci\u00f3n Premium tambi\u00e9n te ofrece las siguientes ventajas:<\/p>\n\n\n\n<h3 class=\"wp-block-heading\">Seguro de interrupci\u00f3n de viaje<\/h3>\n\n\n\n<p>Si por alg\u00fan motivo importante, tienes que viajar de vuelta antes de la fecha indicada, reembolsaremos los gastos adicionales como los servicios de tu viaje no utilizados.<\/p>\n\n\n\n<h3 class=\"wp-block-heading\">Servicios de asistencia<\/h3>\n\n\n\n<p>En caso de enfermedad o accidente grave, nos hacemos cargo de la organizaci\u00f3n de la repatriaci\u00f3n de la persona asegurada (por razones m\u00e9dicas importantes). Tambi\u00e9n cubrimos los gastos m\u00e9dicos, quir\u00fargicos o farmac\u00e9uticos y las estancias de hospitalizaci\u00f3n.<\/p>\n\n\n\n<h3 class=\"wp-block-heading\">Seguro de equipaje de viaje<\/h3>\n\n\n\n<p>En caso de da\u00f1o de equipaje o perdidas de tus pertenencias, te pagamos un valor de hasta 2.000 euros. Si tu equipaje no llega a tiempo, nosotros te reembolsaremos todas tus compras necesarias de hasta un valor de 500 euros. \u00a1Y todo eso sin franquicia por tu parte!<\/p>\n\n\n\n<h3 class=\"wp-block-heading\">Seguro de responsabilidad civil de viaje<\/h3>\n\n\n\n<p>Disfruta de la protecci\u00f3n de seguro contra reclamaciones por da\u00f1os y perjuicios, con un total de hasta 1,5 Millones de euros, en caso de da\u00f1os a una propiedad alquilada de hasta un m\u00e1ximo de 25.000 euros (la franquicia por da\u00f1os a la propiedad alquilada es del 20 %, minimo 50 euros).<\/p>\n\n\n\n<figure class=\"wp-block-image size-full\"><img decoding=\"async\" width=\"624\" height=\"413\" data-src=\"https:\/\/juvigo.es\/revista\/wp-content\/uploads\/2024\/06\/image.jpeg\" alt=\"\" class=\"wp-image-8697 lazyload\" title=\"Resumen de las primas de seguro clasificadas seg\u00fan el precio del viaje\" data-srcset=\"https:\/\/juvigo.es\/revista\/wp-content\/uploads\/2024\/06\/image.jpeg 624w, https:\/\/juvigo.es\/revista\/wp-content\/uploads\/2024\/06\/image-300x199.jpeg 300w, https:\/\/juvigo.es\/revista\/wp-content\/uploads\/2024\/06\/image-600x397.jpeg 600w, https:\/\/juvigo.es\/revista\/wp-content\/uploads\/2024\/06\/image-143x96.jpeg 143w\" data-sizes=\"(max-width: 624px) 100vw, 624px\" src=\"data:image\/svg+xml;base64,PHN2ZyB3aWR0aD0iMSIgaGVpZ2h0PSIxIiB4bWxucz0iaHR0cDovL3d3dy53My5vcmcvMjAwMC9zdmciPjwvc3ZnPg==\" style=\"--smush-placeholder-width: 624px; --smush-placeholder-aspect-ratio: 624\/413;\" \/><\/figure>\n","protected":false},"excerpt":{"rendered":"<p>Con nuestro fuerte socio HanseMerkur, con m\u00e1s de 140 a\u00f1os de experiencia, te ofrecemos una protecci\u00f3n de seguro cualitativamente excelente. Hemos negociado las mejores condiciones para ti y podemos hacerte una oferta mejor que la que puedes reservar individualmente con una aseguradora. Seguro de cancelaci\u00f3n de viaje En caso de cancelaci\u00f3n de la reserva de [&hellip;]<\/p>\n","protected":false},"author":3,"featured_media":8655,"parent":0,"menu_order":0,"comment_status":"closed","ping_status":"closed","template":"","meta":{"advgb_blocks_editor_width":"","advgb_blocks_columns_visual_guide":"","footnotes":"","_links_to":"","_links_to_target":""},"categories":[],"tags":[],"class_list":["post-8688","page","type-page","status-publish","has-post-thumbnail","hentry"],"yoast_head":"<!-- This site is optimized with the Yoast SEO plugin v25.8 - https:\/\/yoast.com\/wordpress\/plugins\/seo\/ -->\n<title>Juvigo \u2013 Seguro de Viajes - Juvigo Revista<\/title>\n<meta name=\"description\" content=\"Prot\u00e9gete con el seguro de viaje de HanseMerkur, incluyendo cancelaci\u00f3n, asistencia m\u00e9dica, equipaje y responsabilidad civil, sin franquicia.\" \/>\n<meta name=\"robots\" content=\"index, follow, max-snippet:-1, max-image-preview:large, max-video-preview:-1\" \/>\n<link rel=\"canonical\" href=\"https:\/\/juvigo.es\/revista\/seguros\/\" \/>\n<meta property=\"og:locale\" content=\"es_ES\" \/>\n<meta property=\"og:type\" content=\"article\" \/>\n<meta property=\"og:title\" content=\"Juvigo \u2013 Seguro de Viajes - Juvigo Revista\" \/>\n<meta property=\"og:description\" content=\"Prot\u00e9gete con el seguro de viaje de HanseMerkur, incluyendo cancelaci\u00f3n, asistencia m\u00e9dica, equipaje y responsabilidad civil, sin franquicia.\" \/>\n<meta property=\"og:url\" content=\"https:\/\/juvigo.es\/revista\/seguros\/\" \/>\n<meta property=\"og:site_name\" content=\"Revista Juvigo\" \/>\n<meta property=\"article:publisher\" content=\"https:\/\/de-de.facebook.com\/meinjuvigo\" \/>\n<meta property=\"article:modified_time\" content=\"2025-09-22T12:50:54+00:00\" \/>\n<meta property=\"og:image\" content=\"https:\/\/juvigo.es\/revista\/wp-content\/uploads\/2024\/06\/camping-4303357_1920.jpg\" \/>\n\t<meta property=\"og:image:width\" content=\"1920\" \/>\n\t<meta property=\"og:image:height\" content=\"1080\" \/>\n\t<meta property=\"og:image:type\" content=\"image\/jpeg\" \/>\n<meta name=\"twitter:card\" content=\"summary_large_image\" \/>\n<meta name=\"twitter:site\" content=\"@meinjuvigo\" \/>\n<meta name=\"twitter:label1\" content=\"Tiempo de lectura\" \/>\n\t<meta name=\"twitter:data1\" content=\"3 minutos\" \/>\n<script type=\"application\/ld+json\" class=\"yoast-schema-graph\">{\"@context\":\"https:\/\/schema.org\",\"@graph\":[{\"@type\":\"WebPage\",\"@id\":\"https:\/\/juvigo.es\/revista\/seguros\/\",\"url\":\"https:\/\/juvigo.es\/revista\/seguros\/\",\"name\":\"Juvigo \u2013 Seguro de Viajes - Juvigo Revista\",\"isPartOf\":{\"@id\":\"https:\/\/juvigo.es\/revista\/#website\"},\"primaryImageOfPage\":{\"@id\":\"https:\/\/juvigo.es\/revista\/seguros\/#primaryimage\"},\"image\":{\"@id\":\"https:\/\/juvigo.es\/revista\/seguros\/#primaryimage\"},\"thumbnailUrl\":\"https:\/\/juvigo.es\/revista\/wp-content\/uploads\/2024\/06\/camping-4303357_1920.jpg\",\"datePublished\":\"2024-06-24T13:13:03+00:00\",\"dateModified\":\"2025-09-22T12:50:54+00:00\",\"description\":\"Prot\u00e9gete con el seguro de viaje de HanseMerkur, incluyendo cancelaci\u00f3n, asistencia m\u00e9dica, equipaje y responsabilidad civil, sin franquicia.\",\"breadcrumb\":{\"@id\":\"https:\/\/juvigo.es\/revista\/seguros\/#breadcrumb\"},\"inLanguage\":\"es\",\"potentialAction\":[{\"@type\":\"ReadAction\",\"target\":[\"https:\/\/juvigo.es\/revista\/seguros\/\"]}]},{\"@type\":\"ImageObject\",\"inLanguage\":\"es\",\"@id\":\"https:\/\/juvigo.es\/revista\/seguros\/#primaryimage\",\"url\":\"https:\/\/juvigo.es\/revista\/wp-content\/uploads\/2024\/06\/camping-4303357_1920.jpg\",\"contentUrl\":\"https:\/\/juvigo.es\/revista\/wp-content\/uploads\/2024\/06\/camping-4303357_1920.jpg\",\"width\":1920,\"height\":1080},{\"@type\":\"BreadcrumbList\",\"@id\":\"https:\/\/juvigo.es\/revista\/seguros\/#breadcrumb\",\"itemListElement\":[{\"@type\":\"ListItem\",\"position\":1,\"name\":\"Revista Juvigo\",\"item\":\"https:\/\/juvigo.es\/revista\/\"},{\"@type\":\"ListItem\",\"position\":2,\"name\":\"Juvigo \u2013 Seguro de Viajes\"}]},{\"@type\":\"WebSite\",\"@id\":\"https:\/\/juvigo.es\/revista\/#website\",\"url\":\"https:\/\/juvigo.es\/revista\/\",\"name\":\"Revista Juvigo\",\"description\":\"Tu revista digital de campamentos de verano y viajes de idiomas para ni\u00f1os y j\u00f3venes\",\"publisher\":{\"@id\":\"https:\/\/juvigo.es\/revista\/#organization\"},\"potentialAction\":[{\"@type\":\"SearchAction\",\"target\":{\"@type\":\"EntryPoint\",\"urlTemplate\":\"https:\/\/juvigo.es\/revista\/?s={search_term_string}\"},\"query-input\":{\"@type\":\"PropertyValueSpecification\",\"valueRequired\":true,\"valueName\":\"search_term_string\"}}],\"inLanguage\":\"es\"},{\"@type\":\"Organization\",\"@id\":\"https:\/\/juvigo.es\/revista\/#organization\",\"name\":\"Juvigo GmbH\",\"url\":\"https:\/\/juvigo.es\/revista\/\",\"logo\":{\"@type\":\"ImageObject\",\"inLanguage\":\"es\",\"@id\":\"https:\/\/juvigo.es\/revista\/#\/schema\/logo\/image\/\",\"url\":\"https:\/\/juvigo.es\/revista\/wp-content\/uploads\/2022\/02\/magazine_logo_scaled.png\",\"contentUrl\":\"https:\/\/juvigo.es\/revista\/wp-content\/uploads\/2022\/02\/magazine_logo_scaled.png\",\"width\":240,\"height\":100,\"caption\":\"Juvigo GmbH\"},\"image\":{\"@id\":\"https:\/\/juvigo.es\/revista\/#\/schema\/logo\/image\/\"},\"sameAs\":[\"https:\/\/de-de.facebook.com\/meinjuvigo\",\"https:\/\/x.com\/meinjuvigo\",\"http:\/\/instagram.com\/juvigo_de\/\"]}]}<\/script>\n<!-- \/ Yoast SEO plugin. -->","yoast_head_json":{"title":"Juvigo \u2013 Seguro de Viajes - Juvigo Revista","description":"Prot\u00e9gete con el seguro de viaje de HanseMerkur, incluyendo cancelaci\u00f3n, asistencia m\u00e9dica, equipaje y responsabilidad civil, sin franquicia.","robots":{"index":"index","follow":"follow","max-snippet":"max-snippet:-1","max-image-preview":"max-image-preview:large","max-video-preview":"max-video-preview:-1"},"canonical":"https:\/\/juvigo.es\/revista\/seguros\/","og_locale":"es_ES","og_type":"article","og_title":"Juvigo \u2013 Seguro de Viajes - Juvigo Revista","og_description":"Prot\u00e9gete con el seguro de viaje de HanseMerkur, incluyendo cancelaci\u00f3n, asistencia m\u00e9dica, equipaje y responsabilidad civil, sin franquicia.","og_url":"https:\/\/juvigo.es\/revista\/seguros\/","og_site_name":"Revista Juvigo","article_publisher":"https:\/\/de-de.facebook.com\/meinjuvigo","article_modified_time":"2025-09-22T12:50:54+00:00","og_image":[{"width":1920,"height":1080,"url":"https:\/\/juvigo.es\/revista\/wp-content\/uploads\/2024\/06\/camping-4303357_1920.jpg","type":"image\/jpeg"}],"twitter_card":"summary_large_image","twitter_site":"@meinjuvigo","twitter_misc":{"Tiempo de lectura":"3 minutos"},"schema":{"@context":"https:\/\/schema.org","@graph":[{"@type":"WebPage","@id":"https:\/\/juvigo.es\/revista\/seguros\/","url":"https:\/\/juvigo.es\/revista\/seguros\/","name":"Juvigo \u2013 Seguro de Viajes - Juvigo Revista","isPartOf":{"@id":"https:\/\/juvigo.es\/revista\/#website"},"primaryImageOfPage":{"@id":"https:\/\/juvigo.es\/revista\/seguros\/#primaryimage"},"image":{"@id":"https:\/\/juvigo.es\/revista\/seguros\/#primaryimage"},"thumbnailUrl":"https:\/\/juvigo.es\/revista\/wp-content\/uploads\/2024\/06\/camping-4303357_1920.jpg","datePublished":"2024-06-24T13:13:03+00:00","dateModified":"2025-09-22T12:50:54+00:00","description":"Prot\u00e9gete con el seguro de viaje de HanseMerkur, incluyendo cancelaci\u00f3n, asistencia m\u00e9dica, equipaje y responsabilidad civil, sin franquicia.","breadcrumb":{"@id":"https:\/\/juvigo.es\/revista\/seguros\/#breadcrumb"},"inLanguage":"es","potentialAction":[{"@type":"ReadAction","target":["https:\/\/juvigo.es\/revista\/seguros\/"]}]},{"@type":"ImageObject","inLanguage":"es","@id":"https:\/\/juvigo.es\/revista\/seguros\/#primaryimage","url":"https:\/\/juvigo.es\/revista\/wp-content\/uploads\/2024\/06\/camping-4303357_1920.jpg","contentUrl":"https:\/\/juvigo.es\/revista\/wp-content\/uploads\/2024\/06\/camping-4303357_1920.jpg","width":1920,"height":1080},{"@type":"BreadcrumbList","@id":"https:\/\/juvigo.es\/revista\/seguros\/#breadcrumb","itemListElement":[{"@type":"ListItem","position":1,"name":"Revista Juvigo","item":"https:\/\/juvigo.es\/revista\/"},{"@type":"ListItem","position":2,"name":"Juvigo \u2013 Seguro de Viajes"}]},{"@type":"WebSite","@id":"https:\/\/juvigo.es\/revista\/#website","url":"https:\/\/juvigo.es\/revista\/","name":"Revista Juvigo","description":"Tu revista digital de campamentos de verano y viajes de idiomas para ni\u00f1os y j\u00f3venes","publisher":{"@id":"https:\/\/juvigo.es\/revista\/#organization"},"potentialAction":[{"@type":"SearchAction","target":{"@type":"EntryPoint","urlTemplate":"https:\/\/juvigo.es\/revista\/?s={search_term_string}"},"query-input":{"@type":"PropertyValueSpecification","valueRequired":true,"valueName":"search_term_string"}}],"inLanguage":"es"},{"@type":"Organization","@id":"https:\/\/juvigo.es\/revista\/#organization","name":"Juvigo GmbH","url":"https:\/\/juvigo.es\/revista\/","logo":{"@type":"ImageObject","inLanguage":"es","@id":"https:\/\/juvigo.es\/revista\/#\/schema\/logo\/image\/","url":"https:\/\/juvigo.es\/revista\/wp-content\/uploads\/2022\/02\/magazine_logo_scaled.png","contentUrl":"https:\/\/juvigo.es\/revista\/wp-content\/uploads\/2022\/02\/magazine_logo_scaled.png","width":240,"height":100,"caption":"Juvigo GmbH"},"image":{"@id":"https:\/\/juvigo.es\/revista\/#\/schema\/logo\/image\/"},"sameAs":["https:\/\/de-de.facebook.com\/meinjuvigo","https:\/\/x.com\/meinjuvigo","http:\/\/instagram.com\/juvigo_de\/"]}]}},"wps_subtitle":"","coauthors":[],"author_meta":{"author_link":"https:\/\/juvigo.es\/revista\/author\/max\/","display_name":"Max"},"relative_dates":{"created":"Publicado 2 a\u00f1os hace","modified":"Actualizado 7 meses hace"},"absolute_dates":{"created":"Publicado el 24 de junio de 2024","modified":"Actualizado el 22 de septiembre de 2025"},"absolute_dates_time":{"created":"Publicado el 24 de junio de 2024 15:13","modified":"Actualizado el 22 de septiembre de 2025 14:50"},"featured_img_caption":"","featured_img":"https:\/\/juvigo.es\/revista\/wp-content\/uploads\/2024\/06\/camping-4303357_1920.jpg","series_order":"","_links":{"self":[{"href":"https:\/\/juvigo.es\/revista\/wp-json\/wp\/v2\/pages\/8688","targetHints":{"allow":["GET"]}}],"collection":[{"href":"https:\/\/juvigo.es\/revista\/wp-json\/wp\/v2\/pages"}],"about":[{"href":"https:\/\/juvigo.es\/revista\/wp-json\/wp\/v2\/types\/page"}],"author":[{"embeddable":true,"href":"https:\/\/juvigo.es\/revista\/wp-json\/wp\/v2\/users\/3"}],"replies":[{"embeddable":true,"href":"https:\/\/juvigo.es\/revista\/wp-json\/wp\/v2\/comments?post=8688"}],"version-history":[{"count":2,"href":"https:\/\/juvigo.es\/revista\/wp-json\/wp\/v2\/pages\/8688\/revisions"}],"predecessor-version":[{"id":8699,"href":"https:\/\/juvigo.es\/revista\/wp-json\/wp\/v2\/pages\/8688\/revisions\/8699"}],"wp:featuredmedia":[{"embeddable":true,"href":"https:\/\/juvigo.es\/revista\/wp-json\/wp\/v2\/media\/8655"}],"wp:attachment":[{"href":"https:\/\/juvigo.es\/revista\/wp-json\/wp\/v2\/media?parent=8688"}],"wp:term":[{"taxonomy":"category","embeddable":true,"href":"https:\/\/juvigo.es\/revista\/wp-json\/wp\/v2\/categories?post=8688"},{"taxonomy":"post_tag","embeddable":true,"href":"https:\/\/juvigo.es\/revista\/wp-json\/wp\/v2\/tags?post=8688"}],"curies":[{"name":"wp","href":"https:\/\/api.w.org\/{rel}","templated":true}]}}