{"id":8715,"date":"2024-06-24T15:27:14","date_gmt":"2024-06-24T13:27:14","guid":{"rendered":"https:\/\/juvigo.es\/revista\/?page_id=8715"},"modified":"2025-09-22T14:33:04","modified_gmt":"2025-09-22T12:33:04","slug":"experiencias","status":"publish","type":"page","link":"https:\/\/juvigo.es\/revista\/experiencias\/","title":{"rendered":"Experiencias y opiniones de clientes sobre Juvigo"},"content":{"rendered":"\n<p>Hacer posible que los ni\u00f1os y los j\u00f3venes vivan grandes experiencias vacacionales es lo que nos mueve cada d\u00eda en Juvigo. Nos inspiran todas las personas del mundo de los viajes j\u00f3venes con las que estamos en contacto cada d\u00eda.<\/p>\n\n\n\n<p>Lo que decimos de nosotros mismos es una cosa. Lo que dicen de nosotros nuestros socios, los monitores de los campamentos, los ni\u00f1os y los padres es otra cosa. Hemos preguntado. En esta p\u00e1gina encontrar\u00e1s opiniones aut\u00e9nticas de personas y sus experiencias con Juvigo.<\/p>\n\n\n\n<div class=\"wp-block-columns is-layout-flex wp-container-core-columns-is-layout-9d6595d7 wp-block-columns-is-layout-flex\">\n<div class=\"wp-block-column ubju is-layout-flow wp-block-column-is-layout-flow\">\n<figure class=\"wp-block-image size-full ubju\"><a href=\"https:\/\/juvigo.es\/revista\/comentarios-socios\/\"><img decoding=\"async\" width=\"1024\" height=\"683\" data-src=\"https:\/\/juvigo.es\/revista\/wp-content\/uploads\/2024\/06\/juvigo-erfahrungen-partner.jpg\" alt=\"\" class=\"wp-image-8718 lazyload\" style=\"--smush-placeholder-width: 1024px; --smush-placeholder-aspect-ratio: 1024\/683;aspect-ratio:16\/9;object-fit:cover\" data-srcset=\"https:\/\/juvigo.es\/revista\/wp-content\/uploads\/2024\/06\/juvigo-erfahrungen-partner.jpg 1024w, https:\/\/juvigo.es\/revista\/wp-content\/uploads\/2024\/06\/juvigo-erfahrungen-partner-300x200.jpg 300w, https:\/\/juvigo.es\/revista\/wp-content\/uploads\/2024\/06\/juvigo-erfahrungen-partner-768x512.jpg 768w, https:\/\/juvigo.es\/revista\/wp-content\/uploads\/2024\/06\/juvigo-erfahrungen-partner-600x400.jpg 600w, https:\/\/juvigo.es\/revista\/wp-content\/uploads\/2024\/06\/juvigo-erfahrungen-partner-800x534.jpg 800w, https:\/\/juvigo.es\/revista\/wp-content\/uploads\/2024\/06\/juvigo-erfahrungen-partner-227x152.jpg 227w, https:\/\/juvigo.es\/revista\/wp-content\/uploads\/2024\/06\/juvigo-erfahrungen-partner-143x96.jpg 143w, https:\/\/juvigo.es\/revista\/wp-content\/uploads\/2024\/06\/juvigo-erfahrungen-partner-585x390.jpg 585w, https:\/\/juvigo.es\/revista\/wp-content\/uploads\/2024\/06\/juvigo-erfahrungen-partner-385x257.jpg 385w\" data-sizes=\"(max-width: 1024px) 100vw, 1024px\" src=\"data:image\/svg+xml;base64,PHN2ZyB3aWR0aD0iMSIgaGVpZ2h0PSIxIiB4bWxucz0iaHR0cDovL3d3dy53My5vcmcvMjAwMC9zdmciPjwvc3ZnPg==\" \/><\/a><\/figure>\n\n\n\n<div class=\"wp-block-buttons is-content-justification-center is-nowrap is-layout-flex wp-container-core-buttons-is-layout-71e3bfec wp-block-buttons-is-layout-flex\">\n<div class=\"wp-block-button has-custom-width wp-block-button__width-100 has-custom-font-size is-style-fill has-small-font-size\"><a class=\"wp-block-button__link has-trawell-acc-background-color has-background wp-element-button\" href=\"https:\/\/juvigo.es\/revista\/comentarios-socios\/\" style=\"border-radius:0px\">Socios<\/a><\/div>\n<\/div>\n<\/div>\n\n\n\n<div class=\"wp-block-column ubju is-layout-flow wp-block-column-is-layout-flow\">\n<figure class=\"wp-block-image size-full ubju\"><a href=\"https:\/\/juvigo.es\/revista\/comentarios-ninos\/\"><img decoding=\"async\" width=\"511\" height=\"404\" data-src=\"https:\/\/juvigo.es\/revista\/wp-content\/uploads\/2024\/06\/juvigo-erfahrungen-teilnehmer.jpg\" alt=\"\" class=\"wp-image-8719 lazyload\" style=\"--smush-placeholder-width: 511px; --smush-placeholder-aspect-ratio: 511\/404;aspect-ratio:16\/9;object-fit:cover\" data-srcset=\"https:\/\/juvigo.es\/revista\/wp-content\/uploads\/2024\/06\/juvigo-erfahrungen-teilnehmer.jpg 511w, https:\/\/juvigo.es\/revista\/wp-content\/uploads\/2024\/06\/juvigo-erfahrungen-teilnehmer-300x237.jpg 300w\" data-sizes=\"(max-width: 511px) 100vw, 511px\" src=\"data:image\/svg+xml;base64,PHN2ZyB3aWR0aD0iMSIgaGVpZ2h0PSIxIiB4bWxucz0iaHR0cDovL3d3dy53My5vcmcvMjAwMC9zdmciPjwvc3ZnPg==\" \/><\/a><\/figure>\n\n\n\n<div class=\"wp-block-buttons is-layout-flex wp-container-core-buttons-is-layout-a74382ec wp-block-buttons-is-layout-flex\">\n<div class=\"wp-block-button has-custom-width wp-block-button__width-100 has-custom-font-size has-small-font-size\"><a class=\"wp-block-button__link has-trawell-acc-background-color has-background wp-element-button\" href=\"https:\/\/juvigo.es\/revista\/comentarios-ninos\/\" style=\"border-radius:0px\">Participantes<\/a><\/div>\n<\/div>\n<\/div>\n\n\n\n<div class=\"wp-block-column ubju is-layout-flow wp-block-column-is-layout-flow\">\n<figure class=\"wp-block-image size-full ubju\"><a href=\"https:\/\/www.opiniones-verificadas.com\/opiniones-clientes\/juvigo.es\" target=\"_blank\" rel=\"noreferrer noopener\"><img decoding=\"async\" width=\"800\" height=\"439\" data-src=\"https:\/\/juvigo.es\/revista\/wp-content\/uploads\/2024\/06\/juvigo-erfahrungen-eltern.jpg\" alt=\"\" class=\"wp-image-8720 lazyload\" style=\"--smush-placeholder-width: 800px; --smush-placeholder-aspect-ratio: 800\/439;aspect-ratio:16\/9;object-fit:cover\" data-srcset=\"https:\/\/juvigo.es\/revista\/wp-content\/uploads\/2024\/06\/juvigo-erfahrungen-eltern.jpg 800w, https:\/\/juvigo.es\/revista\/wp-content\/uploads\/2024\/06\/juvigo-erfahrungen-eltern-300x165.jpg 300w, https:\/\/juvigo.es\/revista\/wp-content\/uploads\/2024\/06\/juvigo-erfahrungen-eltern-768x421.jpg 768w, https:\/\/juvigo.es\/revista\/wp-content\/uploads\/2024\/06\/juvigo-erfahrungen-eltern-600x329.jpg 600w\" data-sizes=\"(max-width: 800px) 100vw, 800px\" src=\"data:image\/svg+xml;base64,PHN2ZyB3aWR0aD0iMSIgaGVpZ2h0PSIxIiB4bWxucz0iaHR0cDovL3d3dy53My5vcmcvMjAwMC9zdmciPjwvc3ZnPg==\" \/><\/a><\/figure>\n\n\n\n<div class=\"wp-block-buttons is-layout-flex wp-block-buttons-is-layout-flex\">\n<div class=\"wp-block-button has-custom-width wp-block-button__width-100 has-custom-font-size has-small-font-size\"><a class=\"wp-block-button__link has-trawell-acc-background-color has-background wp-element-button\" href=\"https:\/\/www.opiniones-verificadas.com\/opiniones-clientes\/juvigo.es\" style=\"border-radius:0px\" target=\"_blank\" rel=\"noreferrer noopener\">Padres<\/a><\/div>\n<\/div>\n<\/div>\n<\/div>\n\n\n\n<h2 class=\"wp-block-heading\">Nuestros socios nos cuentan c\u00f3mo trabajan con nosotros<\/h2>\n\n\n\n<p>Lee lo que otros dicen sobre Juvigo. Aqu\u00ed nuestros socios, en su mayor\u00eda proveedores de campamentos de vacaciones o nuestra compa\u00f1\u00eda de seguros de viaje, te explican c\u00f3mo funciona la cooperaci\u00f3n con nosotros.<\/p>\n\n\n\n<h2 class=\"wp-block-heading\">Los padres cuentan su experiencia con nuestro servicio de atenci\u00f3n al cliente<\/h2>\n\n\n\n<p>Lee algunas opiniones de c\u00f3mo los padres experimentaron el servicio de atenci\u00f3n al cliente con nosotros. El contacto personal es muy importante para nosotros.<\/p>\n\n\n\n<h2 class=\"wp-block-heading\">Opiniones de padres, adolescentes y ni\u00f1os<\/h2>\n\n\n\n<p>Kira cuenta sobre la comida del viaje de los j\u00f3venes (que no siempre le supo bien), sobre las mejores experiencias en el lago Balaton, en Hungr\u00eda, y sobre el lluvioso d\u00eda de despedida. Una madre cuenta c\u00f3mo tuvo que persuadir a su hija durante mucho tiempo para que fuera a un campamento de vacaciones y c\u00f3mo \u00e9sta no quer\u00eda volver a casa. Tambi\u00e9n puedes encontrar testimonios individuales bajo los respectivos viajes. \u00bfHas viajado alguna vez con Juvigo? D\u00ednos qu\u00e9 te ha parecido.<\/p>\n\n\n\n<div class=\"skeepers_carousel_container\" data-slides-count=\"3\"><\/div><script async charset=\"utf-8\" src=\"\/\/widgets.rr.skeepers.io\/carousel\/2c238e63-c035-d4a4-c9c2-6e92f0c8a367\/5a642f9f-f85e-40fa-998f-bf1adae629a5.js\"><\/script>\n","protected":false},"excerpt":{"rendered":"<p>Hacer posible que los ni\u00f1os y los j\u00f3venes vivan grandes experiencias vacacionales es lo que nos mueve cada d\u00eda en Juvigo. Nos inspiran todas las personas del mundo de los viajes j\u00f3venes con las que estamos en contacto cada d\u00eda. Lo que decimos de nosotros mismos es una cosa. Lo que dicen de nosotros nuestros [&hellip;]<\/p>\n","protected":false},"author":3,"featured_media":8655,"parent":0,"menu_order":0,"comment_status":"closed","ping_status":"closed","template":"","meta":{"advgb_blocks_editor_width":"","advgb_blocks_columns_visual_guide":"","footnotes":"","_links_to":"","_links_to_target":""},"categories":[],"tags":[],"class_list":["post-8715","page","type-page","status-publish","has-post-thumbnail","hentry"],"yoast_head":"<!-- This site is optimized with the Yoast SEO plugin v25.8 - https:\/\/yoast.com\/wordpress\/plugins\/seo\/ -->\n<title>Experiencias y opiniones de clientes sobre Juvigo - Juvigo Revista<\/title>\n<meta name=\"description\" content=\"Descubre experiencias reales de j\u00f3venes y familias en campamentos y viajes con Juvigo. Testimonios, consejos y vivencias que inspiran.\" \/>\n<meta name=\"robots\" content=\"index, follow, max-snippet:-1, max-image-preview:large, max-video-preview:-1\" \/>\n<link rel=\"canonical\" href=\"https:\/\/juvigo.es\/revista\/experiencias\/\" \/>\n<meta property=\"og:locale\" content=\"es_ES\" \/>\n<meta property=\"og:type\" content=\"article\" \/>\n<meta property=\"og:title\" content=\"Experiencias y opiniones de clientes sobre Juvigo - Juvigo Revista\" \/>\n<meta property=\"og:description\" content=\"Descubre experiencias reales de j\u00f3venes y familias en campamentos y viajes con Juvigo. Testimonios, consejos y vivencias que inspiran.\" \/>\n<meta property=\"og:url\" content=\"https:\/\/juvigo.es\/revista\/experiencias\/\" \/>\n<meta property=\"og:site_name\" content=\"Revista Juvigo\" \/>\n<meta property=\"article:publisher\" content=\"https:\/\/de-de.facebook.com\/meinjuvigo\" \/>\n<meta property=\"article:modified_time\" content=\"2025-09-22T12:33:04+00:00\" \/>\n<meta property=\"og:image\" content=\"https:\/\/juvigo.es\/revista\/wp-content\/uploads\/2024\/06\/camping-4303357_1920.jpg\" \/>\n\t<meta property=\"og:image:width\" content=\"1920\" \/>\n\t<meta property=\"og:image:height\" content=\"1080\" \/>\n\t<meta property=\"og:image:type\" content=\"image\/jpeg\" \/>\n<meta name=\"twitter:card\" content=\"summary_large_image\" \/>\n<meta name=\"twitter:site\" content=\"@meinjuvigo\" \/>\n<meta name=\"twitter:label1\" content=\"Tiempo de lectura\" \/>\n\t<meta name=\"twitter:data1\" content=\"2 minutos\" \/>\n<script type=\"application\/ld+json\" class=\"yoast-schema-graph\">{\"@context\":\"https:\/\/schema.org\",\"@graph\":[{\"@type\":\"WebPage\",\"@id\":\"https:\/\/juvigo.es\/revista\/experiencias\/\",\"url\":\"https:\/\/juvigo.es\/revista\/experiencias\/\",\"name\":\"Experiencias y opiniones de clientes sobre Juvigo - Juvigo Revista\",\"isPartOf\":{\"@id\":\"https:\/\/juvigo.es\/revista\/#website\"},\"primaryImageOfPage\":{\"@id\":\"https:\/\/juvigo.es\/revista\/experiencias\/#primaryimage\"},\"image\":{\"@id\":\"https:\/\/juvigo.es\/revista\/experiencias\/#primaryimage\"},\"thumbnailUrl\":\"https:\/\/juvigo.es\/revista\/wp-content\/uploads\/2024\/06\/camping-4303357_1920.jpg\",\"datePublished\":\"2024-06-24T13:27:14+00:00\",\"dateModified\":\"2025-09-22T12:33:04+00:00\",\"description\":\"Descubre experiencias reales de j\u00f3venes y familias en campamentos y viajes con Juvigo. Testimonios, consejos y vivencias que inspiran.\",\"breadcrumb\":{\"@id\":\"https:\/\/juvigo.es\/revista\/experiencias\/#breadcrumb\"},\"inLanguage\":\"es\",\"potentialAction\":[{\"@type\":\"ReadAction\",\"target\":[\"https:\/\/juvigo.es\/revista\/experiencias\/\"]}]},{\"@type\":\"ImageObject\",\"inLanguage\":\"es\",\"@id\":\"https:\/\/juvigo.es\/revista\/experiencias\/#primaryimage\",\"url\":\"https:\/\/juvigo.es\/revista\/wp-content\/uploads\/2024\/06\/camping-4303357_1920.jpg\",\"contentUrl\":\"https:\/\/juvigo.es\/revista\/wp-content\/uploads\/2024\/06\/camping-4303357_1920.jpg\",\"width\":1920,\"height\":1080},{\"@type\":\"BreadcrumbList\",\"@id\":\"https:\/\/juvigo.es\/revista\/experiencias\/#breadcrumb\",\"itemListElement\":[{\"@type\":\"ListItem\",\"position\":1,\"name\":\"Revista Juvigo\",\"item\":\"https:\/\/juvigo.es\/revista\/\"},{\"@type\":\"ListItem\",\"position\":2,\"name\":\"Experiencias y opiniones de clientes sobre Juvigo\"}]},{\"@type\":\"WebSite\",\"@id\":\"https:\/\/juvigo.es\/revista\/#website\",\"url\":\"https:\/\/juvigo.es\/revista\/\",\"name\":\"Revista Juvigo\",\"description\":\"Tu revista digital de campamentos de verano y viajes de idiomas para ni\u00f1os y j\u00f3venes\",\"publisher\":{\"@id\":\"https:\/\/juvigo.es\/revista\/#organization\"},\"potentialAction\":[{\"@type\":\"SearchAction\",\"target\":{\"@type\":\"EntryPoint\",\"urlTemplate\":\"https:\/\/juvigo.es\/revista\/?s={search_term_string}\"},\"query-input\":{\"@type\":\"PropertyValueSpecification\",\"valueRequired\":true,\"valueName\":\"search_term_string\"}}],\"inLanguage\":\"es\"},{\"@type\":\"Organization\",\"@id\":\"https:\/\/juvigo.es\/revista\/#organization\",\"name\":\"Juvigo GmbH\",\"url\":\"https:\/\/juvigo.es\/revista\/\",\"logo\":{\"@type\":\"ImageObject\",\"inLanguage\":\"es\",\"@id\":\"https:\/\/juvigo.es\/revista\/#\/schema\/logo\/image\/\",\"url\":\"https:\/\/juvigo.es\/revista\/wp-content\/uploads\/2022\/02\/magazine_logo_scaled.png\",\"contentUrl\":\"https:\/\/juvigo.es\/revista\/wp-content\/uploads\/2022\/02\/magazine_logo_scaled.png\",\"width\":240,\"height\":100,\"caption\":\"Juvigo GmbH\"},\"image\":{\"@id\":\"https:\/\/juvigo.es\/revista\/#\/schema\/logo\/image\/\"},\"sameAs\":[\"https:\/\/de-de.facebook.com\/meinjuvigo\",\"https:\/\/x.com\/meinjuvigo\",\"http:\/\/instagram.com\/juvigo_de\/\"]}]}<\/script>\n<!-- \/ Yoast SEO plugin. -->","yoast_head_json":{"title":"Experiencias y opiniones de clientes sobre Juvigo - Juvigo Revista","description":"Descubre experiencias reales de j\u00f3venes y familias en campamentos y viajes con Juvigo. Testimonios, consejos y vivencias que inspiran.","robots":{"index":"index","follow":"follow","max-snippet":"max-snippet:-1","max-image-preview":"max-image-preview:large","max-video-preview":"max-video-preview:-1"},"canonical":"https:\/\/juvigo.es\/revista\/experiencias\/","og_locale":"es_ES","og_type":"article","og_title":"Experiencias y opiniones de clientes sobre Juvigo - Juvigo Revista","og_description":"Descubre experiencias reales de j\u00f3venes y familias en campamentos y viajes con Juvigo. Testimonios, consejos y vivencias que inspiran.","og_url":"https:\/\/juvigo.es\/revista\/experiencias\/","og_site_name":"Revista Juvigo","article_publisher":"https:\/\/de-de.facebook.com\/meinjuvigo","article_modified_time":"2025-09-22T12:33:04+00:00","og_image":[{"width":1920,"height":1080,"url":"https:\/\/juvigo.es\/revista\/wp-content\/uploads\/2024\/06\/camping-4303357_1920.jpg","type":"image\/jpeg"}],"twitter_card":"summary_large_image","twitter_site":"@meinjuvigo","twitter_misc":{"Tiempo de lectura":"2 minutos"},"schema":{"@context":"https:\/\/schema.org","@graph":[{"@type":"WebPage","@id":"https:\/\/juvigo.es\/revista\/experiencias\/","url":"https:\/\/juvigo.es\/revista\/experiencias\/","name":"Experiencias y opiniones de clientes sobre Juvigo - Juvigo Revista","isPartOf":{"@id":"https:\/\/juvigo.es\/revista\/#website"},"primaryImageOfPage":{"@id":"https:\/\/juvigo.es\/revista\/experiencias\/#primaryimage"},"image":{"@id":"https:\/\/juvigo.es\/revista\/experiencias\/#primaryimage"},"thumbnailUrl":"https:\/\/juvigo.es\/revista\/wp-content\/uploads\/2024\/06\/camping-4303357_1920.jpg","datePublished":"2024-06-24T13:27:14+00:00","dateModified":"2025-09-22T12:33:04+00:00","description":"Descubre experiencias reales de j\u00f3venes y familias en campamentos y viajes con Juvigo. Testimonios, consejos y vivencias que inspiran.","breadcrumb":{"@id":"https:\/\/juvigo.es\/revista\/experiencias\/#breadcrumb"},"inLanguage":"es","potentialAction":[{"@type":"ReadAction","target":["https:\/\/juvigo.es\/revista\/experiencias\/"]}]},{"@type":"ImageObject","inLanguage":"es","@id":"https:\/\/juvigo.es\/revista\/experiencias\/#primaryimage","url":"https:\/\/juvigo.es\/revista\/wp-content\/uploads\/2024\/06\/camping-4303357_1920.jpg","contentUrl":"https:\/\/juvigo.es\/revista\/wp-content\/uploads\/2024\/06\/camping-4303357_1920.jpg","width":1920,"height":1080},{"@type":"BreadcrumbList","@id":"https:\/\/juvigo.es\/revista\/experiencias\/#breadcrumb","itemListElement":[{"@type":"ListItem","position":1,"name":"Revista Juvigo","item":"https:\/\/juvigo.es\/revista\/"},{"@type":"ListItem","position":2,"name":"Experiencias y opiniones de clientes sobre Juvigo"}]},{"@type":"WebSite","@id":"https:\/\/juvigo.es\/revista\/#website","url":"https:\/\/juvigo.es\/revista\/","name":"Revista Juvigo","description":"Tu revista digital de campamentos de verano y viajes de idiomas para ni\u00f1os y j\u00f3venes","publisher":{"@id":"https:\/\/juvigo.es\/revista\/#organization"},"potentialAction":[{"@type":"SearchAction","target":{"@type":"EntryPoint","urlTemplate":"https:\/\/juvigo.es\/revista\/?s={search_term_string}"},"query-input":{"@type":"PropertyValueSpecification","valueRequired":true,"valueName":"search_term_string"}}],"inLanguage":"es"},{"@type":"Organization","@id":"https:\/\/juvigo.es\/revista\/#organization","name":"Juvigo GmbH","url":"https:\/\/juvigo.es\/revista\/","logo":{"@type":"ImageObject","inLanguage":"es","@id":"https:\/\/juvigo.es\/revista\/#\/schema\/logo\/image\/","url":"https:\/\/juvigo.es\/revista\/wp-content\/uploads\/2022\/02\/magazine_logo_scaled.png","contentUrl":"https:\/\/juvigo.es\/revista\/wp-content\/uploads\/2022\/02\/magazine_logo_scaled.png","width":240,"height":100,"caption":"Juvigo GmbH"},"image":{"@id":"https:\/\/juvigo.es\/revista\/#\/schema\/logo\/image\/"},"sameAs":["https:\/\/de-de.facebook.com\/meinjuvigo","https:\/\/x.com\/meinjuvigo","http:\/\/instagram.com\/juvigo_de\/"]}]}},"wps_subtitle":"","coauthors":[],"author_meta":{"author_link":"https:\/\/juvigo.es\/revista\/author\/max\/","display_name":"Max"},"relative_dates":{"created":"Publicado 2 a\u00f1os hace","modified":"Actualizado 7 meses hace"},"absolute_dates":{"created":"Publicado el 24 de junio de 2024","modified":"Actualizado el 22 de septiembre de 2025"},"absolute_dates_time":{"created":"Publicado el 24 de junio de 2024 15:27","modified":"Actualizado el 22 de septiembre de 2025 14:33"},"featured_img_caption":"","featured_img":"https:\/\/juvigo.es\/revista\/wp-content\/uploads\/2024\/06\/camping-4303357_1920.jpg","series_order":"","_links":{"self":[{"href":"https:\/\/juvigo.es\/revista\/wp-json\/wp\/v2\/pages\/8715","targetHints":{"allow":["GET"]}}],"collection":[{"href":"https:\/\/juvigo.es\/revista\/wp-json\/wp\/v2\/pages"}],"about":[{"href":"https:\/\/juvigo.es\/revista\/wp-json\/wp\/v2\/types\/page"}],"author":[{"embeddable":true,"href":"https:\/\/juvigo.es\/revista\/wp-json\/wp\/v2\/users\/3"}],"replies":[{"embeddable":true,"href":"https:\/\/juvigo.es\/revista\/wp-json\/wp\/v2\/comments?post=8715"}],"version-history":[{"count":8,"href":"https:\/\/juvigo.es\/revista\/wp-json\/wp\/v2\/pages\/8715\/revisions"}],"predecessor-version":[{"id":10084,"href":"https:\/\/juvigo.es\/revista\/wp-json\/wp\/v2\/pages\/8715\/revisions\/10084"}],"wp:featuredmedia":[{"embeddable":true,"href":"https:\/\/juvigo.es\/revista\/wp-json\/wp\/v2\/media\/8655"}],"wp:attachment":[{"href":"https:\/\/juvigo.es\/revista\/wp-json\/wp\/v2\/media?parent=8715"}],"wp:term":[{"taxonomy":"category","embeddable":true,"href":"https:\/\/juvigo.es\/revista\/wp-json\/wp\/v2\/categories?post=8715"},{"taxonomy":"post_tag","embeddable":true,"href":"https:\/\/juvigo.es\/revista\/wp-json\/wp\/v2\/tags?post=8715"}],"curies":[{"name":"wp","href":"https:\/\/api.w.org\/{rel}","templated":true}]}}