{"id":8724,"date":"2024-06-24T15:30:05","date_gmt":"2024-06-24T13:30:05","guid":{"rendered":"https:\/\/juvigo.es\/revista\/?page_id=8724"},"modified":"2025-09-22T14:17:33","modified_gmt":"2025-09-22T12:17:33","slug":"comentarios-ninos","status":"publish","type":"page","link":"https:\/\/juvigo.es\/revista\/comentarios-ninos\/","title":{"rendered":"Lo que dicen los participantes sobre nuestros campamentos de verano"},"content":{"rendered":"\n<h2 class=\"wp-block-heading teilnehmererfahrungen\">Lo que dicen los participantes sobre nuestros campamentos de verano<\/h2>\n\n\n\n<p class=\"teilnehmererfahrungen\">\u00bfQuieres saber qu\u00e9 es lo que m\u00e1s entusiasma a nuestros campistas? Aqu\u00ed puedes leer cu\u00e1l fue la actividad m\u00e1s loca o la excursi\u00f3n m\u00e1s emocionante. \u00bfQui\u00e9n fue el consejero m\u00e1s divertido y cu\u00e1ntas nuevas amistades se hicieron? \u00bfFue el horneado de pan en la hoguera, las Olimpiadas o la construcci\u00f3n de una balsa lo m\u00e1s destacado del viaje?<\/p>\n\n\n\n<iframe id=\"juvigo_ibe\" src=\"https:\/\/ibe.juvigo.es\/embed\/reviews\" frameborder=\"0\" scrolling=\"no\" style=\"overflow:hidden;\" width=\"100%\"><\/iframe>\n","protected":false},"excerpt":{"rendered":"<p>Lo que dicen los participantes sobre nuestros campamentos de verano \u00bfQuieres saber qu\u00e9 es lo que m\u00e1s entusiasma a nuestros campistas? Aqu\u00ed puedes leer cu\u00e1l fue la actividad m\u00e1s loca o la excursi\u00f3n m\u00e1s emocionante. \u00bfQui\u00e9n fue el consejero m\u00e1s divertido y cu\u00e1ntas nuevas amistades se hicieron? \u00bfFue el horneado de pan en la hoguera, [&hellip;]<\/p>\n","protected":false},"author":3,"featured_media":0,"parent":0,"menu_order":0,"comment_status":"closed","ping_status":"closed","template":"redux-templates_full_width","meta":{"advgb_blocks_editor_width":"","advgb_blocks_columns_visual_guide":"","footnotes":"","_links_to":"","_links_to_target":""},"categories":[],"tags":[],"class_list":["post-8724","page","type-page","status-publish","hentry"],"yoast_head":"<!-- This site is optimized with the Yoast SEO plugin v25.8 - https:\/\/yoast.com\/wordpress\/plugins\/seo\/ -->\n<title>Lo que dicen los participantes sobre nuestros campamentos de verano - Juvigo Revista<\/title>\n<meta name=\"description\" content=\"Opiniones de ni\u00f1os sobre campamentos Juvigo: testimonios reales con experiencias, aventuras y recuerdos en campamentos y cursos de idiomas.\" \/>\n<meta name=\"robots\" content=\"index, follow, max-snippet:-1, max-image-preview:large, max-video-preview:-1\" \/>\n<link rel=\"canonical\" href=\"https:\/\/juvigo.es\/revista\/comentarios-ninos\/\" \/>\n<meta property=\"og:locale\" content=\"es_ES\" \/>\n<meta property=\"og:type\" content=\"article\" \/>\n<meta property=\"og:title\" content=\"Lo que dicen los participantes sobre nuestros campamentos de verano - Juvigo Revista\" \/>\n<meta property=\"og:description\" content=\"Opiniones de ni\u00f1os sobre campamentos Juvigo: testimonios reales con experiencias, aventuras y recuerdos en campamentos y cursos de idiomas.\" \/>\n<meta property=\"og:url\" content=\"https:\/\/juvigo.es\/revista\/comentarios-ninos\/\" \/>\n<meta property=\"og:site_name\" content=\"Revista Juvigo\" \/>\n<meta property=\"article:publisher\" content=\"https:\/\/de-de.facebook.com\/meinjuvigo\" \/>\n<meta property=\"article:modified_time\" content=\"2025-09-22T12:17:33+00:00\" \/>\n<meta property=\"og:image\" content=\"https:\/\/juvigo.es\/revista\/wp-content\/uploads\/2019\/02\/banner-small-1.jpg\" \/>\n\t<meta property=\"og:image:width\" content=\"1440\" \/>\n\t<meta property=\"og:image:height\" content=\"590\" \/>\n\t<meta property=\"og:image:type\" content=\"image\/jpeg\" \/>\n<meta name=\"twitter:card\" content=\"summary_large_image\" \/>\n<meta name=\"twitter:site\" content=\"@meinjuvigo\" \/>\n<meta name=\"twitter:label1\" content=\"Tiempo de lectura\" \/>\n\t<meta name=\"twitter:data1\" content=\"1 minuto\" \/>\n<script type=\"application\/ld+json\" class=\"yoast-schema-graph\">{\"@context\":\"https:\/\/schema.org\",\"@graph\":[{\"@type\":\"WebPage\",\"@id\":\"https:\/\/juvigo.es\/revista\/comentarios-ninos\/\",\"url\":\"https:\/\/juvigo.es\/revista\/comentarios-ninos\/\",\"name\":\"Lo que dicen los participantes sobre nuestros campamentos de verano - Juvigo Revista\",\"isPartOf\":{\"@id\":\"https:\/\/juvigo.es\/revista\/#website\"},\"datePublished\":\"2024-06-24T13:30:05+00:00\",\"dateModified\":\"2025-09-22T12:17:33+00:00\",\"description\":\"Opiniones de ni\u00f1os sobre campamentos Juvigo: testimonios reales con experiencias, aventuras y recuerdos en campamentos y cursos de idiomas.\",\"breadcrumb\":{\"@id\":\"https:\/\/juvigo.es\/revista\/comentarios-ninos\/#breadcrumb\"},\"inLanguage\":\"es\",\"potentialAction\":[{\"@type\":\"ReadAction\",\"target\":[\"https:\/\/juvigo.es\/revista\/comentarios-ninos\/\"]}]},{\"@type\":\"BreadcrumbList\",\"@id\":\"https:\/\/juvigo.es\/revista\/comentarios-ninos\/#breadcrumb\",\"itemListElement\":[{\"@type\":\"ListItem\",\"position\":1,\"name\":\"Revista Juvigo\",\"item\":\"https:\/\/juvigo.es\/revista\/\"},{\"@type\":\"ListItem\",\"position\":2,\"name\":\"Lo que dicen los participantes sobre nuestros campamentos de verano\"}]},{\"@type\":\"WebSite\",\"@id\":\"https:\/\/juvigo.es\/revista\/#website\",\"url\":\"https:\/\/juvigo.es\/revista\/\",\"name\":\"Revista Juvigo\",\"description\":\"Tu revista digital de campamentos de verano y viajes de idiomas para ni\u00f1os y j\u00f3venes\",\"publisher\":{\"@id\":\"https:\/\/juvigo.es\/revista\/#organization\"},\"potentialAction\":[{\"@type\":\"SearchAction\",\"target\":{\"@type\":\"EntryPoint\",\"urlTemplate\":\"https:\/\/juvigo.es\/revista\/?s={search_term_string}\"},\"query-input\":{\"@type\":\"PropertyValueSpecification\",\"valueRequired\":true,\"valueName\":\"search_term_string\"}}],\"inLanguage\":\"es\"},{\"@type\":\"Organization\",\"@id\":\"https:\/\/juvigo.es\/revista\/#organization\",\"name\":\"Juvigo GmbH\",\"url\":\"https:\/\/juvigo.es\/revista\/\",\"logo\":{\"@type\":\"ImageObject\",\"inLanguage\":\"es\",\"@id\":\"https:\/\/juvigo.es\/revista\/#\/schema\/logo\/image\/\",\"url\":\"https:\/\/juvigo.es\/revista\/wp-content\/uploads\/2022\/02\/magazine_logo_scaled.png\",\"contentUrl\":\"https:\/\/juvigo.es\/revista\/wp-content\/uploads\/2022\/02\/magazine_logo_scaled.png\",\"width\":240,\"height\":100,\"caption\":\"Juvigo GmbH\"},\"image\":{\"@id\":\"https:\/\/juvigo.es\/revista\/#\/schema\/logo\/image\/\"},\"sameAs\":[\"https:\/\/de-de.facebook.com\/meinjuvigo\",\"https:\/\/x.com\/meinjuvigo\",\"http:\/\/instagram.com\/juvigo_de\/\"]}]}<\/script>\n<!-- \/ Yoast SEO plugin. -->","yoast_head_json":{"title":"Lo que dicen los participantes sobre nuestros campamentos de verano - Juvigo Revista","description":"Opiniones de ni\u00f1os sobre campamentos Juvigo: testimonios reales con experiencias, aventuras y recuerdos en campamentos y cursos de idiomas.","robots":{"index":"index","follow":"follow","max-snippet":"max-snippet:-1","max-image-preview":"max-image-preview:large","max-video-preview":"max-video-preview:-1"},"canonical":"https:\/\/juvigo.es\/revista\/comentarios-ninos\/","og_locale":"es_ES","og_type":"article","og_title":"Lo que dicen los participantes sobre nuestros campamentos de verano - Juvigo Revista","og_description":"Opiniones de ni\u00f1os sobre campamentos Juvigo: testimonios reales con experiencias, aventuras y recuerdos en campamentos y cursos de idiomas.","og_url":"https:\/\/juvigo.es\/revista\/comentarios-ninos\/","og_site_name":"Revista Juvigo","article_publisher":"https:\/\/de-de.facebook.com\/meinjuvigo","article_modified_time":"2025-09-22T12:17:33+00:00","og_image":[{"width":1440,"height":590,"url":"https:\/\/juvigo.es\/revista\/wp-content\/uploads\/2019\/02\/banner-small-1.jpg","type":"image\/jpeg"}],"twitter_card":"summary_large_image","twitter_site":"@meinjuvigo","twitter_misc":{"Tiempo de lectura":"1 minuto"},"schema":{"@context":"https:\/\/schema.org","@graph":[{"@type":"WebPage","@id":"https:\/\/juvigo.es\/revista\/comentarios-ninos\/","url":"https:\/\/juvigo.es\/revista\/comentarios-ninos\/","name":"Lo que dicen los participantes sobre nuestros campamentos de verano - Juvigo Revista","isPartOf":{"@id":"https:\/\/juvigo.es\/revista\/#website"},"datePublished":"2024-06-24T13:30:05+00:00","dateModified":"2025-09-22T12:17:33+00:00","description":"Opiniones de ni\u00f1os sobre campamentos Juvigo: testimonios reales con experiencias, aventuras y recuerdos en campamentos y cursos de idiomas.","breadcrumb":{"@id":"https:\/\/juvigo.es\/revista\/comentarios-ninos\/#breadcrumb"},"inLanguage":"es","potentialAction":[{"@type":"ReadAction","target":["https:\/\/juvigo.es\/revista\/comentarios-ninos\/"]}]},{"@type":"BreadcrumbList","@id":"https:\/\/juvigo.es\/revista\/comentarios-ninos\/#breadcrumb","itemListElement":[{"@type":"ListItem","position":1,"name":"Revista Juvigo","item":"https:\/\/juvigo.es\/revista\/"},{"@type":"ListItem","position":2,"name":"Lo que dicen los participantes sobre nuestros campamentos de verano"}]},{"@type":"WebSite","@id":"https:\/\/juvigo.es\/revista\/#website","url":"https:\/\/juvigo.es\/revista\/","name":"Revista Juvigo","description":"Tu revista digital de campamentos de verano y viajes de idiomas para ni\u00f1os y j\u00f3venes","publisher":{"@id":"https:\/\/juvigo.es\/revista\/#organization"},"potentialAction":[{"@type":"SearchAction","target":{"@type":"EntryPoint","urlTemplate":"https:\/\/juvigo.es\/revista\/?s={search_term_string}"},"query-input":{"@type":"PropertyValueSpecification","valueRequired":true,"valueName":"search_term_string"}}],"inLanguage":"es"},{"@type":"Organization","@id":"https:\/\/juvigo.es\/revista\/#organization","name":"Juvigo GmbH","url":"https:\/\/juvigo.es\/revista\/","logo":{"@type":"ImageObject","inLanguage":"es","@id":"https:\/\/juvigo.es\/revista\/#\/schema\/logo\/image\/","url":"https:\/\/juvigo.es\/revista\/wp-content\/uploads\/2022\/02\/magazine_logo_scaled.png","contentUrl":"https:\/\/juvigo.es\/revista\/wp-content\/uploads\/2022\/02\/magazine_logo_scaled.png","width":240,"height":100,"caption":"Juvigo GmbH"},"image":{"@id":"https:\/\/juvigo.es\/revista\/#\/schema\/logo\/image\/"},"sameAs":["https:\/\/de-de.facebook.com\/meinjuvigo","https:\/\/x.com\/meinjuvigo","http:\/\/instagram.com\/juvigo_de\/"]}]}},"wps_subtitle":"","coauthors":[],"author_meta":{"author_link":"https:\/\/juvigo.es\/revista\/author\/max\/","display_name":"Max"},"relative_dates":{"created":"Publicado 2 a\u00f1os hace","modified":"Actualizado 7 meses hace"},"absolute_dates":{"created":"Publicado el 24 de junio de 2024","modified":"Actualizado el 22 de septiembre de 2025"},"absolute_dates_time":{"created":"Publicado el 24 de junio de 2024 15:30","modified":"Actualizado el 22 de septiembre de 2025 14:17"},"featured_img_caption":"","featured_img":false,"series_order":"","_links":{"self":[{"href":"https:\/\/juvigo.es\/revista\/wp-json\/wp\/v2\/pages\/8724","targetHints":{"allow":["GET"]}}],"collection":[{"href":"https:\/\/juvigo.es\/revista\/wp-json\/wp\/v2\/pages"}],"about":[{"href":"https:\/\/juvigo.es\/revista\/wp-json\/wp\/v2\/types\/page"}],"author":[{"embeddable":true,"href":"https:\/\/juvigo.es\/revista\/wp-json\/wp\/v2\/users\/3"}],"replies":[{"embeddable":true,"href":"https:\/\/juvigo.es\/revista\/wp-json\/wp\/v2\/comments?post=8724"}],"version-history":[{"count":3,"href":"https:\/\/juvigo.es\/revista\/wp-json\/wp\/v2\/pages\/8724\/revisions"}],"predecessor-version":[{"id":8727,"href":"https:\/\/juvigo.es\/revista\/wp-json\/wp\/v2\/pages\/8724\/revisions\/8727"}],"wp:attachment":[{"href":"https:\/\/juvigo.es\/revista\/wp-json\/wp\/v2\/media?parent=8724"}],"wp:term":[{"taxonomy":"category","embeddable":true,"href":"https:\/\/juvigo.es\/revista\/wp-json\/wp\/v2\/categories?post=8724"},{"taxonomy":"post_tag","embeddable":true,"href":"https:\/\/juvigo.es\/revista\/wp-json\/wp\/v2\/tags?post=8724"}],"curies":[{"name":"wp","href":"https:\/\/api.w.org\/{rel}","templated":true}]}}